{"id":54,"date":"2024-02-05T07:12:15","date_gmt":"2024-02-05T07:12:15","guid":{"rendered":"https:\/\/ozelistanbulsisliadsp.kinsta.cloud\/?page_id=54"},"modified":"2026-05-15T18:35:28","modified_gmt":"2026-05-15T15:35:28","slug":"home","status":"publish","type":"page","link":"https:\/\/ozelistanbulsisliadsp.com\/en\/","title":{"rendered":"Dental Implants in Turkey | \u00d6zel \u0130stanbul \u015ei\u015fli ADSP"},"content":{"rendered":"\t\t<div data-elementor-type=\"wp-page\" data-elementor-id=\"54\" class=\"elementor elementor-54\" data-elementor-settings=\"{&quot;ha_cmc_init_switcher&quot;:&quot;no&quot;,&quot;element_pack_global_tooltip_width&quot;:{&quot;unit&quot;:&quot;px&quot;,&quot;size&quot;:&quot;&quot;,&quot;sizes&quot;:[]},&quot;element_pack_global_tooltip_width_tablet&quot;:{&quot;unit&quot;:&quot;px&quot;,&quot;size&quot;:&quot;&quot;,&quot;sizes&quot;:[]},&quot;element_pack_global_tooltip_width_mobile&quot;:{&quot;unit&quot;:&quot;px&quot;,&quot;size&quot;:&quot;&quot;,&quot;sizes&quot;:[]},&quot;element_pack_global_tooltip_padding&quot;:{&quot;unit&quot;:&quot;px&quot;,&quot;top&quot;:&quot;&quot;,&quot;right&quot;:&quot;&quot;,&quot;bottom&quot;:&quot;&quot;,&quot;left&quot;:&quot;&quot;,&quot;isLinked&quot;:true},&quot;element_pack_global_tooltip_padding_tablet&quot;:{&quot;unit&quot;:&quot;px&quot;,&quot;top&quot;:&quot;&quot;,&quot;right&quot;:&quot;&quot;,&quot;bottom&quot;:&quot;&quot;,&quot;left&quot;:&quot;&quot;,&quot;isLinked&quot;:true},&quot;element_pack_global_tooltip_padding_mobile&quot;:{&quot;unit&quot;:&quot;px&quot;,&quot;top&quot;:&quot;&quot;,&quot;right&quot;:&quot;&quot;,&quot;bottom&quot;:&quot;&quot;,&quot;left&quot;:&quot;&quot;,&quot;isLinked&quot;:true},&quot;element_pack_global_tooltip_border_radius&quot;:{&quot;unit&quot;:&quot;px&quot;,&quot;top&quot;:&quot;&quot;,&quot;right&quot;:&quot;&quot;,&quot;bottom&quot;:&quot;&quot;,&quot;left&quot;:&quot;&quot;,&quot;isLinked&quot;:true},&quot;element_pack_global_tooltip_border_radius_tablet&quot;:{&quot;unit&quot;:&quot;px&quot;,&quot;top&quot;:&quot;&quot;,&quot;right&quot;:&quot;&quot;,&quot;bottom&quot;:&quot;&quot;,&quot;left&quot;:&quot;&quot;,&quot;isLinked&quot;:true},&quot;element_pack_global_tooltip_border_radius_mobile&quot;:{&quot;unit&quot;:&quot;px&quot;,&quot;top&quot;:&quot;&quot;,&quot;right&quot;:&quot;&quot;,&quot;bottom&quot;:&quot;&quot;,&quot;left&quot;:&quot;&quot;,&quot;isLinked&quot;:true}}\" data-elementor-post-type=\"page\">\n\t\t\t\t\t\t<section class=\"elementor-section elementor-top-section elementor-element elementor-element-c1d8f5a elementor-section-boxed elementor-section-height-default elementor-section-height-default\" data-id=\"c1d8f5a\" data-element_type=\"section\" data-settings=\"{&quot;_ha_eqh_enable&quot;:false}\">\n\t\t\t\t\t\t<div class=\"elementor-container elementor-column-gap-no\">\n\t\t\t\t\t<div class=\"elementor-column elementor-col-100 elementor-top-column elementor-element elementor-element-023e2c9\" data-id=\"023e2c9\" data-element_type=\"column\">\n\t\t\t<div class=\"elementor-widget-wrap elementor-element-populated\">\n\t\t\t\t\t\t<div class=\"elementor-element elementor-element-288d514 elementor-widget elementor-widget-html\" data-id=\"288d514\" data-element_type=\"widget\" data-widget_type=\"html.default\">\n\t\t\t\t\t<style>\n.oasp-hero { background: linear-gradient(135deg, #0f172a 0%, #1e3a8a 100%); color: #fff; padding: 80px 20px 70px; text-align: center; font-family: -apple-system, BlinkMacSystemFont, 'Segoe UI', Roboto, 'Helvetica Neue', Arial, sans-serif; position: relative; overflow: hidden; }\n.oasp-hero::before { content:''; position:absolute; inset:0; background: radial-gradient(circle at 30% 20%, rgba(6,182,212,.18) 0%, transparent 50%), radial-gradient(circle at 80% 70%, rgba(37,99,235,.12) 0%, transparent 50%); pointer-events:none; }\n.oasp-hero-inner { max-width: 900px; margin: 0 auto; position: relative; }\n.oasp-hero-eyebrow { display: inline-block; padding: 6px 16px; background: rgba(255,255,255,.12); border: 1px solid rgba(255,255,255,.18); border-radius: 999px; font-size: 13px; letter-spacing: .5px; margin-bottom: 22px; backdrop-filter: blur(6px); }\n.oasp-hero-title { font-size: clamp(28px, 4.5vw, 48px); font-weight: 700; line-height: 1.15; margin: 0 0 18px; letter-spacing: -0.6px; }\n.oasp-hero-sub { font-size: clamp(15px, 1.8vw, 19px); color: rgba(255,255,255,.78); margin: 0 auto 36px; max-width: 680px; line-height: 1.6; }\n.oasp-hero-cta { display: inline-flex; gap: 14px; flex-wrap: wrap; justify-content: center; }\n.oasp-btn { display: inline-block; padding: 14px 30px; border-radius: 10px; font-size: 15px; font-weight: 600; text-decoration: none; transition: transform .2s ease, box-shadow .2s ease; letter-spacing: .3px; }\n.oasp-btn-primary { background: linear-gradient(135deg, #06b6d4 0%, #2563eb 100%); color: #fff; box-shadow: 0 6px 20px rgba(37,99,235,.35); }\n.oasp-btn-primary:hover { transform: translateY(-2px); box-shadow: 0 10px 26px rgba(37,99,235,.45); color:#fff; }\n.oasp-btn-ghost { background: rgba(255,255,255,.08); border: 1px solid rgba(255,255,255,.2); color: #fff; }\n.oasp-btn-ghost:hover { background: rgba(255,255,255,.14); color:#fff; }\n.oasp-trust { padding: 36px 20px; background: #f8fafc; font-family: -apple-system, BlinkMacSystemFont, 'Segoe UI', Roboto, sans-serif; }\n.oasp-trust-inner { max-width: 1100px; margin: 0 auto; display: grid; grid-template-columns: repeat(auto-fit, minmax(220px, 1fr)); gap: 16px; }\n.oasp-trust-card { background: #fff; padding: 22px 18px; border-radius: 14px; text-align: center; border: 1px solid #e2e8f0; }\n.oasp-trust-label { font-size: 12px; color: #64748b; text-transform: uppercase; letter-spacing: .8px; margin: 0 0 4px; }\n.oasp-trust-value { font-size: 16px; font-weight: 600; color: #0f172a; margin: 0; }\n.oasp-section { padding: 70px 20px; font-family: -apple-system, BlinkMacSystemFont, 'Segoe UI', Roboto, sans-serif; }\n.oasp-section-inner { max-width: 1100px; margin: 0 auto; }\n.oasp-section-head { text-align: center; margin-bottom: 40px; }\n.oasp-section-eyebrow { display: inline-block; color: #2563eb; font-size: 13px; font-weight: 600; text-transform: uppercase; letter-spacing: 1.2px; margin-bottom: 10px; }\n.oasp-section-title { font-size: clamp(24px, 3.5vw, 36px); font-weight: 700; color: #0f172a; margin: 0 0 12px; line-height: 1.2; letter-spacing: -0.4px; }\n.oasp-section-text { color: #475569; font-size: 16px; line-height: 1.7; max-width: 720px; margin: 0 auto; }\n.oasp-services-grid { display: grid; grid-template-columns: repeat(auto-fit, minmax(220px, 1fr)); gap: 18px; margin-top: 36px; }\n.oasp-service { background: #fff; border: 1px solid #e2e8f0; border-radius: 14px; padding: 26px 20px; text-align: center; transition: all .25s ease; }\n.oasp-service:hover { border-color: #2563eb; transform: translateY(-3px); box-shadow: 0 12px 28px rgba(15,23,42,.08); }\n.oasp-service-icon { width: 52px; height: 52px; margin: 0 auto 14px; border-radius: 14px; background: linear-gradient(135deg, #dbeafe 0%, #bfdbfe 100%); color: #1d4ed8; display: flex; align-items: center; justify-content: center; font-size: 24px; font-weight: 700; }\n.oasp-service-title { font-size: 15px; font-weight: 600; color: #0f172a; margin: 0; }\n.oasp-bottom-cta { background: linear-gradient(135deg, #1e3a8a 0%, #0f172a 100%); color: #fff; padding: 60px 20px; text-align: center; font-family: -apple-system, BlinkMacSystemFont, 'Segoe UI', Roboto, sans-serif; }\n.oasp-bottom-cta-title { font-size: clamp(22px, 3vw, 30px); font-weight: 700; margin: 0 0 14px; }\n.oasp-bottom-cta-sub { color: rgba(255,255,255,.78); margin: 0 auto 26px; max-width: 560px; line-height: 1.6; }\n.oasp-contact-line { display: inline-flex; gap: 12px; flex-wrap: wrap; justify-content: center; align-items: center; color: rgba(255,255,255,.85); font-size: 14px; margin-top: 18px; }\n.oasp-contact-line a { color: #67e8f9; text-decoration: none; }\n.oasp-contact-line a:hover { color: #a5f3fc; }\n<\/style>\n\n<section class=\"oasp-hero\">\n  <div class=\"oasp-hero-inner\">\n    <span class=\"oasp-hero-eyebrow\">Licensed by T.C. Ministry of Health \u00b7 License No: 1169<\/span>\n    <h1 class=\"oasp-hero-title\">Private Istanbul \u015ei\u015fli Oral and Dental Health Polyclinic<\/h1>\n    <p class=\"oasp-hero-sub\">Located in the heart of \u015ei\u015fli, our modern facility and expert specialists provide oral and dental health care at the highest international standards. Authorised under the International Health Tourism Permit, we welcome local and international patients.<\/p>\n    <div class=\"oasp-hero-cta\">\n      <a href=\"\/en\/contact-us\/\" class=\"oasp-btn oasp-btn-primary\">Book an Appointment<\/a>\n      <a href=\"\/en\/our-team\/\" class=\"oasp-btn oasp-btn-ghost\">Meet Our Team<\/a>\n    <\/div>\n  <\/div>\n<\/section>\n\n<section class=\"oasp-trust\">\n  <div class=\"oasp-trust-inner\"><div class=\"oasp-trust-card\"><p class=\"oasp-trust-label\">License No<\/p><p class=\"oasp-trust-value\">1169<\/p><\/div><div class=\"oasp-trust-card\"><p class=\"oasp-trust-label\">Health Tourism Certificate<\/p><p class=\"oasp-trust-value\">ST-2978<\/p><\/div><div class=\"oasp-trust-card\"><p class=\"oasp-trust-label\">Working Hours<\/p><p class=\"oasp-trust-value\">09:00 \u2013 19:00 (Closed Sundays)<\/p><\/div><div class=\"oasp-trust-card\"><p class=\"oasp-trust-label\">Location<\/p><p class=\"oasp-trust-value\">\u015ei\u015fli \/ Istanbul<\/p><\/div><\/div>\n<\/section>\n\n<section class=\"oasp-section\" style=\"background:#fff;\">\n  <div class=\"oasp-section-inner\">\n    <div class=\"oasp-section-head\">\n      <span class=\"oasp-section-eyebrow\">Our Treatments<\/span>\n      <h2 class=\"oasp-section-title\">Services We Offer<\/h2>\n      <p class=\"oasp-section-text\">From general dental check-ups to aesthetic treatments, comprehensive solutions tailored to your needs.<\/p>\n    <\/div>\n    <div class=\"oasp-services-grid\"><div class=\"oasp-service\"><div class=\"oasp-service-icon\">P<\/div><p class=\"oasp-service-title\">Prosthetic Dentistry<\/p><\/div><div class=\"oasp-service\"><div class=\"oasp-service-icon\">I<\/div><p class=\"oasp-service-title\">Dental Implants<\/p><\/div><div class=\"oasp-service\"><div class=\"oasp-service-icon\">A<\/div><p class=\"oasp-service-title\">Aesthetic Dentistry<\/p><\/div><div class=\"oasp-service\"><div class=\"oasp-service-icon\">Z<\/div><p class=\"oasp-service-title\">Zirconium Crowns<\/p><\/div><div class=\"oasp-service\"><div class=\"oasp-service-icon\">G<\/div><p class=\"oasp-service-title\">General Check-up<\/p><\/div><div class=\"oasp-service\"><div class=\"oasp-service-icon\">H<\/div><p class=\"oasp-service-title\">Hollywood Smile<\/p><\/div><\/div>\n    <div style=\"text-align:center; margin-top: 34px;\">\n      <a href=\"\/en\/our-treatments\/\" class=\"oasp-btn oasp-btn-primary\">See All Treatments<\/a>\n    <\/div>\n  <\/div>\n<\/section>\n\n<section class=\"oasp-section\" style=\"background: #f8fafc;\">\n  <div class=\"oasp-section-inner\">\n    <div class=\"oasp-section-head\">\n      <span class=\"oasp-section-eyebrow\">Our Team<\/span>\n      <h2 class=\"oasp-section-title\">Our Specialist Dentists<\/h2>\n      <p class=\"oasp-section-text\">Meet our experienced oral and dental health specialists, licensed by the Turkish Ministry of Health.<\/p>\n    <\/div>\n    <div style=\"display: grid; grid-template-columns: repeat(auto-fit, minmax(180px, 1fr)); gap: 14px;\"><div style=\"background:#fff; border:1px solid #e2e8f0; border-radius:14px; padding:24px 14px; text-align:center;\"><div style=\"width:60px; height:60px; margin:0 auto 12px; border-radius:50%; background: linear-gradient(135deg,#2563eb,#1e40af); color:#fff; display:flex; align-items:center; justify-content:center; font-size:20px; font-weight:600;\">AB<\/div><p style=\"font-size:13px; font-weight:600; color:#0f172a; margin:0;\">Dt. Ali Bayramo\u011flu<\/p><\/div><div style=\"background:#fff; border:1px solid #e2e8f0; border-radius:14px; padding:24px 14px; text-align:center;\"><div style=\"width:60px; height:60px; margin:0 auto 12px; border-radius:50%; background: linear-gradient(135deg,#2563eb,#1e40af); color:#fff; display:flex; align-items:center; justify-content:center; font-size:20px; font-weight:600;\">BC<\/div><p style=\"font-size:13px; font-weight:600; color:#0f172a; margin:0;\">Dt. Bora Can<\/p><\/div><div style=\"background:#fff; border:1px solid #e2e8f0; border-radius:14px; padding:24px 14px; text-align:center;\"><div style=\"width:60px; height:60px; margin:0 auto 12px; border-radius:50%; background: linear-gradient(135deg,#2563eb,#1e40af); color:#fff; display:flex; align-items:center; justify-content:center; font-size:20px; font-weight:600;\">S\u0130<\/div><p style=\"font-size:13px; font-weight:600; color:#0f172a; margin:0;\">Uzm. Dr. Suhan \u0130nal<\/p><\/div><div style=\"background:#fff; border:1px solid #e2e8f0; border-radius:14px; padding:24px 14px; text-align:center;\"><div style=\"width:60px; height:60px; margin:0 auto 12px; border-radius:50%; background: linear-gradient(135deg,#2563eb,#1e40af); color:#fff; display:flex; align-items:center; justify-content:center; font-size:20px; font-weight:600;\">A\u00c7<\/div><p style=\"font-size:13px; font-weight:600; color:#0f172a; margin:0;\">Uzm. Dr. Ahmet U. \u00c7i\u00e7ek<\/p><\/div><div style=\"background:#fff; border:1px solid #e2e8f0; border-radius:14px; padding:24px 14px; text-align:center;\"><div style=\"width:60px; height:60px; margin:0 auto 12px; border-radius:50%; background: linear-gradient(135deg,#2563eb,#1e40af); color:#fff; display:flex; align-items:center; justify-content:center; font-size:20px; font-weight:600;\">SA<\/div><p style=\"font-size:13px; font-weight:600; color:#0f172a; margin:0;\">Uzm. Dr. Siavash Abbasqolizadeh<\/p><\/div><div style=\"background:#fff; border:1px solid #e2e8f0; border-radius:14px; padding:24px 14px; text-align:center;\"><div style=\"width:60px; height:60px; margin:0 auto 12px; border-radius:50%; background: linear-gradient(135deg,#2563eb,#1e40af); color:#fff; display:flex; align-items:center; justify-content:center; font-size:20px; font-weight:600;\">MK<\/div><p style=\"font-size:13px; font-weight:600; color:#0f172a; margin:0;\">Uzm. Dt. Melih Kaya<\/p><\/div><div style=\"background:#fff; border:1px solid #e2e8f0; border-radius:14px; padding:24px 14px; text-align:center;\"><div style=\"width:60px; height:60px; margin:0 auto 12px; border-radius:50%; background: linear-gradient(135deg,#2563eb,#1e40af); color:#fff; display:flex; align-items:center; justify-content:center; font-size:20px; font-weight:600;\">AA<\/div><p style=\"font-size:13px; font-weight:600; color:#0f172a; margin:0;\">Do\u00e7. Dr. Ay\u015fe Atay<\/p><\/div><\/div>\n  <\/div>\n<\/section>\n\n<section class=\"oasp-bottom-cta\">\n  <h2 class=\"oasp-bottom-cta-title\">Take the first step toward a healthy smile<\/h2>\n  <p class=\"oasp-bottom-cta-sub\">Contact us for a free consultation and appointment. Our modern facility and expert team are ready for you.<\/p>\n  <div>\n    <a href=\"\/en\/contact-us\/\" class=\"oasp-btn oasp-btn-primary\">Contact Us<\/a>\n  <\/div>\n  <p class=\"oasp-contact-line\">\n    <span>\ud83d\udccd 19 May\u0131s Mah. Etfal Hastanesi Sk. No:2 C Blok K:2 \u015ei\u015fli \/ Istanbul<\/span>\n    <span>\u00b7<\/span>\n    <span>\u2709\ufe0f <a href=\"mailto:info@ozelistanbulsisliadsp.com\">info@ozelistanbulsisliadsp.com<\/a><\/span>\n  <\/p>\n<\/section>\t\t\t\t<\/div>\n\t\t\t\t\t<\/div>\n\t\t<\/div>\n\t\t\t\t\t<\/div>\n\t\t<\/section>\n\t\t\t\t<\/div>\n\t\t","protected":false},"excerpt":{"rendered":"<p>Dental Implants Turkey General, Cosmetic, and Restorative Dentistry Check Results Get in Touch Doctors 0 Assistants 0 Years Of Experience 0 + Happy Patients 0 K+ About \u00d6zel \u0130stanbul \u015ei\u015fli ADSP For over 24 years, \u00d6zel \u0130stanbul \u015ei\u015fli ADSP has been dedicated to fostering your well-being, shaping a patient-centered ethos in dentistry. Rooted in a [&hellip;]<\/p>\n","protected":false},"author":1,"featured_media":0,"parent":0,"menu_order":0,"comment_status":"closed","ping_status":"closed","template":"","meta":{"_acf_changed":false,"footnotes":""},"class_list":["post-54","page","type-page","status-publish","hentry"],"acf":[],"yoast_head":"<!-- This site is optimized with the Yoast SEO Premium plugin v22.7 (Yoast SEO v24.3) - https:\/\/yoast.com\/wordpress\/plugins\/seo\/ -->\n<title>Dental Implants in Turkey | \u00d6zel \u0130stanbul \u015ei\u015fli ADSP<\/title>\n<meta name=\"description\" content=\"\u00d6zel \u0130stanbul \u015ei\u015fli ADSP offers restorative and cosmetic dental treatments with the best materials and team. Dental implants in Turkey...\" \/>\n<meta name=\"robots\" content=\"index, follow, max-snippet:-1, max-image-preview:large, max-video-preview:-1\" \/>\n<link rel=\"canonical\" href=\"https:\/\/ozelistanbulsisliadsp.com\/en\/\" \/>\n<meta property=\"og:locale\" content=\"en_US\" \/>\n<meta property=\"og:type\" content=\"article\" \/>\n<meta property=\"og:title\" content=\"Dental Implants in Turkey | \u00d6zel \u0130stanbul \u015ei\u015fli ADSP\" \/>\n<meta property=\"og:description\" content=\"\u00d6zel \u0130stanbul \u015ei\u015fli ADSP offers restorative and cosmetic dental treatments with the best materials and team. Dental implants in Turkey...\" \/>\n<meta property=\"og:url\" content=\"https:\/\/ozelistanbulsisliadsp.com\/en\/\" \/>\n<meta property=\"og:site_name\" content=\"\u00d6zel \u0130stanbul \u015ei\u015fli ADSP\" \/>\n<meta property=\"article:modified_time\" content=\"2026-05-15T15:35:28+00:00\" \/>\n<meta property=\"og:image\" content=\"https:\/\/ozelistanbulsisliadsp.com\/wp-content\/uploads\/2024\/05\/dentfix-banner-yeni-ezgif.com-optiwebp.webp\" \/>\n\t<meta property=\"og:image:width\" content=\"505\" \/>\n\t<meta property=\"og:image:height\" content=\"460\" \/>\n\t<meta property=\"og:image:type\" content=\"image\/webp\" \/>\n<meta name=\"twitter:card\" content=\"summary_large_image\" \/>\n<meta name=\"twitter:label1\" content=\"Est. reading time\" \/>\n\t<meta name=\"twitter:data1\" content=\"3 minutes\" \/>\n<script type=\"application\/ld+json\" class=\"yoast-schema-graph\">{\"@context\":\"https:\/\/schema.org\",\"@graph\":[{\"@type\":\"WebPage\",\"@id\":\"https:\/\/ozelistanbulsisliadsp.com\/en\/\",\"url\":\"https:\/\/ozelistanbulsisliadsp.com\/en\/\",\"name\":\"Dental Implants in Turkey | \u00d6zel \u0130stanbul \u015ei\u015fli ADSP\",\"isPartOf\":{\"@id\":\"https:\/\/ozelistanbulsisliadsp.com\/en\/#website\"},\"primaryImageOfPage\":{\"@id\":\"https:\/\/ozelistanbulsisliadsp.com\/en\/#primaryimage\"},\"image\":{\"@id\":\"https:\/\/ozelistanbulsisliadsp.com\/en\/#primaryimage\"},\"thumbnailUrl\":\"https:\/\/ozelistanbulsisliadsp.com\/wp-content\/uploads\/2024\/05\/dentfix-banner-yeni-ezgif.com-optiwebp.webp\",\"datePublished\":\"2024-02-05T07:12:15+00:00\",\"dateModified\":\"2026-05-15T15:35:28+00:00\",\"description\":\"\u00d6zel \u0130stanbul \u015ei\u015fli ADSP offers restorative and cosmetic dental treatments with the best materials and team. Dental implants in Turkey...\",\"breadcrumb\":{\"@id\":\"https:\/\/ozelistanbulsisliadsp.com\/en\/#breadcrumb\"},\"inLanguage\":\"en-US\",\"potentialAction\":[{\"@type\":\"ReadAction\",\"target\":[\"https:\/\/ozelistanbulsisliadsp.com\/en\/\"]}]},{\"@type\":\"ImageObject\",\"inLanguage\":\"en-US\",\"@id\":\"https:\/\/ozelistanbulsisliadsp.com\/en\/#primaryimage\",\"url\":\"https:\/\/ozelistanbulsisliadsp.com\/wp-content\/uploads\/2024\/05\/dentfix-banner-yeni-ezgif.com-optiwebp.webp\",\"contentUrl\":\"https:\/\/ozelistanbulsisliadsp.com\/wp-content\/uploads\/2024\/05\/dentfix-banner-yeni-ezgif.com-optiwebp.webp\"},{\"@type\":\"BreadcrumbList\",\"@id\":\"https:\/\/ozelistanbulsisliadsp.com\/en\/#breadcrumb\",\"itemListElement\":[{\"@type\":\"ListItem\",\"position\":1,\"name\":\"Anasayfa\",\"item\":\"https:\/\/ozelistanbulsisliadsp.com\/en\/\"},{\"@type\":\"ListItem\",\"position\":2,\"name\":\"Dental Implants in Turkey | \u00d6zel \u0130stanbul \u015ei\u015fli ADSP\"}]},{\"@type\":\"WebSite\",\"@id\":\"https:\/\/ozelistanbulsisliadsp.com\/en\/#website\",\"url\":\"https:\/\/ozelistanbulsisliadsp.com\/en\/\",\"name\":\"\u00d6zel \u0130stanbul \u015ei\u015fli ADSP\",\"description\":\"A Dental Center in Turkey\",\"publisher\":{\"@id\":\"https:\/\/ozelistanbulsisliadsp.com\/en\/#organization\"},\"alternateName\":\"\u00d6zel \u0130stanbul \u015ei\u015fli ADSP\",\"potentialAction\":[{\"@type\":\"SearchAction\",\"target\":{\"@type\":\"EntryPoint\",\"urlTemplate\":\"https:\/\/ozelistanbulsisliadsp.com\/en\/?s={search_term_string}\"},\"query-input\":{\"@type\":\"PropertyValueSpecification\",\"valueRequired\":true,\"valueName\":\"search_term_string\"}}],\"inLanguage\":\"en-US\"},{\"@type\":\"Organization\",\"@id\":\"https:\/\/ozelistanbulsisliadsp.com\/en\/#organization\",\"name\":\"\u00d6zel \u0130stanbul \u015ei\u015fli A\u011f\u0131z ve Di\u015f Sa\u011fl\u0131\u011f\u0131 Poliklini\u011fi\",\"url\":\"https:\/\/ozelistanbulsisliadsp.com\/en\/\",\"logo\":{\"@type\":\"ImageObject\",\"inLanguage\":\"en-US\",\"@id\":\"https:\/\/ozelistanbulsisliadsp.com\/en\/#\/schema\/logo\/image\/\",\"url\":\"https:\/\/ozelistanbulsisliadsp.com\/wp-content\/uploads\/2026\/05\/oasp-logo.png\",\"contentUrl\":\"https:\/\/ozelistanbulsisliadsp.com\/wp-content\/uploads\/2026\/05\/oasp-logo.png\",\"width\":640,\"height\":160,\"caption\":\"\u00d6zel \u0130stanbul \u015ei\u015fli A\u011f\u0131z ve Di\u015f Sa\u011fl\u0131\u011f\u0131 Poliklini\u011fi\"},\"image\":{\"@id\":\"https:\/\/ozelistanbulsisliadsp.com\/en\/#\/schema\/logo\/image\/\"}}]}<\/script>\n<!-- \/ Yoast SEO Premium plugin. -->","yoast_head_json":{"title":"Dental Implants in Turkey | \u00d6zel \u0130stanbul \u015ei\u015fli ADSP","description":"\u00d6zel \u0130stanbul \u015ei\u015fli ADSP offers restorative and cosmetic dental treatments with the best materials and team. Dental implants in Turkey...","robots":{"index":"index","follow":"follow","max-snippet":"max-snippet:-1","max-image-preview":"max-image-preview:large","max-video-preview":"max-video-preview:-1"},"canonical":"https:\/\/ozelistanbulsisliadsp.com\/en\/","og_locale":"en_US","og_type":"article","og_title":"Dental Implants in Turkey | \u00d6zel \u0130stanbul \u015ei\u015fli ADSP","og_description":"\u00d6zel \u0130stanbul \u015ei\u015fli ADSP offers restorative and cosmetic dental treatments with the best materials and team. Dental implants in Turkey...","og_url":"https:\/\/ozelistanbulsisliadsp.com\/en\/","og_site_name":"\u00d6zel \u0130stanbul \u015ei\u015fli ADSP","article_modified_time":"2026-05-15T15:35:28+00:00","og_image":[{"url":"https:\/\/ozelistanbulsisliadsp.com\/wp-content\/uploads\/2024\/05\/dentfix-banner-yeni-ezgif.com-optiwebp.webp","width":505,"height":460,"type":"image\/webp"}],"twitter_card":"summary_large_image","twitter_misc":{"Est. reading time":"3 minutes"},"schema":{"@context":"https:\/\/schema.org","@graph":[{"@type":"WebPage","@id":"https:\/\/ozelistanbulsisliadsp.com\/en\/","url":"https:\/\/ozelistanbulsisliadsp.com\/en\/","name":"Dental Implants in Turkey | \u00d6zel \u0130stanbul \u015ei\u015fli ADSP","isPartOf":{"@id":"https:\/\/ozelistanbulsisliadsp.com\/en\/#website"},"primaryImageOfPage":{"@id":"https:\/\/ozelistanbulsisliadsp.com\/en\/#primaryimage"},"image":{"@id":"https:\/\/ozelistanbulsisliadsp.com\/en\/#primaryimage"},"thumbnailUrl":"https:\/\/ozelistanbulsisliadsp.com\/wp-content\/uploads\/2024\/05\/dentfix-banner-yeni-ezgif.com-optiwebp.webp","datePublished":"2024-02-05T07:12:15+00:00","dateModified":"2026-05-15T15:35:28+00:00","description":"\u00d6zel \u0130stanbul \u015ei\u015fli ADSP offers restorative and cosmetic dental treatments with the best materials and team. Dental implants in Turkey...","breadcrumb":{"@id":"https:\/\/ozelistanbulsisliadsp.com\/en\/#breadcrumb"},"inLanguage":"en-US","potentialAction":[{"@type":"ReadAction","target":["https:\/\/ozelistanbulsisliadsp.com\/en\/"]}]},{"@type":"ImageObject","inLanguage":"en-US","@id":"https:\/\/ozelistanbulsisliadsp.com\/en\/#primaryimage","url":"https:\/\/ozelistanbulsisliadsp.com\/wp-content\/uploads\/2024\/05\/dentfix-banner-yeni-ezgif.com-optiwebp.webp","contentUrl":"https:\/\/ozelistanbulsisliadsp.com\/wp-content\/uploads\/2024\/05\/dentfix-banner-yeni-ezgif.com-optiwebp.webp"},{"@type":"BreadcrumbList","@id":"https:\/\/ozelistanbulsisliadsp.com\/en\/#breadcrumb","itemListElement":[{"@type":"ListItem","position":1,"name":"Anasayfa","item":"https:\/\/ozelistanbulsisliadsp.com\/en\/"},{"@type":"ListItem","position":2,"name":"Dental Implants in Turkey | \u00d6zel \u0130stanbul \u015ei\u015fli ADSP"}]},{"@type":"WebSite","@id":"https:\/\/ozelistanbulsisliadsp.com\/en\/#website","url":"https:\/\/ozelistanbulsisliadsp.com\/en\/","name":"\u00d6zel \u0130stanbul \u015ei\u015fli ADSP","description":"A Dental Center in Turkey","publisher":{"@id":"https:\/\/ozelistanbulsisliadsp.com\/en\/#organization"},"alternateName":"\u00d6zel \u0130stanbul \u015ei\u015fli ADSP","potentialAction":[{"@type":"SearchAction","target":{"@type":"EntryPoint","urlTemplate":"https:\/\/ozelistanbulsisliadsp.com\/en\/?s={search_term_string}"},"query-input":{"@type":"PropertyValueSpecification","valueRequired":true,"valueName":"search_term_string"}}],"inLanguage":"en-US"},{"@type":"Organization","@id":"https:\/\/ozelistanbulsisliadsp.com\/en\/#organization","name":"\u00d6zel \u0130stanbul \u015ei\u015fli A\u011f\u0131z ve Di\u015f Sa\u011fl\u0131\u011f\u0131 Poliklini\u011fi","url":"https:\/\/ozelistanbulsisliadsp.com\/en\/","logo":{"@type":"ImageObject","inLanguage":"en-US","@id":"https:\/\/ozelistanbulsisliadsp.com\/en\/#\/schema\/logo\/image\/","url":"https:\/\/ozelistanbulsisliadsp.com\/wp-content\/uploads\/2026\/05\/oasp-logo.png","contentUrl":"https:\/\/ozelistanbulsisliadsp.com\/wp-content\/uploads\/2026\/05\/oasp-logo.png","width":640,"height":160,"caption":"\u00d6zel \u0130stanbul \u015ei\u015fli A\u011f\u0131z ve Di\u015f Sa\u011fl\u0131\u011f\u0131 Poliklini\u011fi"},"image":{"@id":"https:\/\/ozelistanbulsisliadsp.com\/en\/#\/schema\/logo\/image\/"}}]}},"_links":{"self":[{"href":"https:\/\/ozelistanbulsisliadsp.com\/en\/wp-json\/wp\/v2\/pages\/54","targetHints":{"allow":["GET"]}}],"collection":[{"href":"https:\/\/ozelistanbulsisliadsp.com\/en\/wp-json\/wp\/v2\/pages"}],"about":[{"href":"https:\/\/ozelistanbulsisliadsp.com\/en\/wp-json\/wp\/v2\/types\/page"}],"author":[{"embeddable":true,"href":"https:\/\/ozelistanbulsisliadsp.com\/en\/wp-json\/wp\/v2\/users\/1"}],"replies":[{"embeddable":true,"href":"https:\/\/ozelistanbulsisliadsp.com\/en\/wp-json\/wp\/v2\/comments?post=54"}],"version-history":[{"count":162,"href":"https:\/\/ozelistanbulsisliadsp.com\/en\/wp-json\/wp\/v2\/pages\/54\/revisions"}],"predecessor-version":[{"id":273084,"href":"https:\/\/ozelistanbulsisliadsp.com\/en\/wp-json\/wp\/v2\/pages\/54\/revisions\/273084"}],"wp:attachment":[{"href":"https:\/\/ozelistanbulsisliadsp.com\/en\/wp-json\/wp\/v2\/media?parent=54"}],"curies":[{"name":"wp","href":"https:\/\/api.w.org\/{rel}","templated":true}]}}