{"id":2987,"date":"2024-02-27T13:14:06","date_gmt":"2024-02-27T13:14:06","guid":{"rendered":"https:\/\/ozelistanbulsisliadsp.kinsta.cloud\/?page_id=2987"},"modified":"2024-05-30T15:33:31","modified_gmt":"2024-05-30T15:33:31","slug":"privacy-policy","status":"publish","type":"page","link":"https:\/\/ozelistanbulsisliadsp.com\/en\/privacy-policy\/","title":{"rendered":"Privacy Policy"},"content":{"rendered":"\t\t<div data-elementor-type=\"wp-page\" data-elementor-id=\"2987\" class=\"elementor elementor-2987\" data-elementor-settings=\"{&quot;ha_cmc_init_switcher&quot;:&quot;no&quot;,&quot;element_pack_global_tooltip_width&quot;:{&quot;unit&quot;:&quot;px&quot;,&quot;size&quot;:&quot;&quot;,&quot;sizes&quot;:[]},&quot;element_pack_global_tooltip_width_tablet&quot;:{&quot;unit&quot;:&quot;px&quot;,&quot;size&quot;:&quot;&quot;,&quot;sizes&quot;:[]},&quot;element_pack_global_tooltip_width_mobile&quot;:{&quot;unit&quot;:&quot;px&quot;,&quot;size&quot;:&quot;&quot;,&quot;sizes&quot;:[]},&quot;element_pack_global_tooltip_padding&quot;:{&quot;unit&quot;:&quot;px&quot;,&quot;top&quot;:&quot;&quot;,&quot;right&quot;:&quot;&quot;,&quot;bottom&quot;:&quot;&quot;,&quot;left&quot;:&quot;&quot;,&quot;isLinked&quot;:true},&quot;element_pack_global_tooltip_padding_tablet&quot;:{&quot;unit&quot;:&quot;px&quot;,&quot;top&quot;:&quot;&quot;,&quot;right&quot;:&quot;&quot;,&quot;bottom&quot;:&quot;&quot;,&quot;left&quot;:&quot;&quot;,&quot;isLinked&quot;:true},&quot;element_pack_global_tooltip_padding_mobile&quot;:{&quot;unit&quot;:&quot;px&quot;,&quot;top&quot;:&quot;&quot;,&quot;right&quot;:&quot;&quot;,&quot;bottom&quot;:&quot;&quot;,&quot;left&quot;:&quot;&quot;,&quot;isLinked&quot;:true},&quot;element_pack_global_tooltip_border_radius&quot;:{&quot;unit&quot;:&quot;px&quot;,&quot;top&quot;:&quot;&quot;,&quot;right&quot;:&quot;&quot;,&quot;bottom&quot;:&quot;&quot;,&quot;left&quot;:&quot;&quot;,&quot;isLinked&quot;:true},&quot;element_pack_global_tooltip_border_radius_tablet&quot;:{&quot;unit&quot;:&quot;px&quot;,&quot;top&quot;:&quot;&quot;,&quot;right&quot;:&quot;&quot;,&quot;bottom&quot;:&quot;&quot;,&quot;left&quot;:&quot;&quot;,&quot;isLinked&quot;:true},&quot;element_pack_global_tooltip_border_radius_mobile&quot;:{&quot;unit&quot;:&quot;px&quot;,&quot;top&quot;:&quot;&quot;,&quot;right&quot;:&quot;&quot;,&quot;bottom&quot;:&quot;&quot;,&quot;left&quot;:&quot;&quot;,&quot;isLinked&quot;:true}}\" data-elementor-post-type=\"page\">\n\t\t\t\t<div class=\"elementor-element elementor-element-595b04d e-flex e-con-boxed e-con e-parent\" data-id=\"595b04d\" data-element_type=\"container\" data-settings=\"{&quot;background_background&quot;:&quot;classic&quot;,&quot;_ha_eqh_enable&quot;:false}\">\n\t\t\t\t\t<div class=\"e-con-inner\">\n\t\t<div class=\"elementor-element elementor-element-b804ff2 e-con-full e-flex e-con e-child\" data-id=\"b804ff2\" data-element_type=\"container\" data-settings=\"{&quot;_ha_eqh_enable&quot;:false}\">\n\t\t\t\t<div class=\"elementor-element elementor-element-fd80743 elementor-widget elementor-widget-html\" data-id=\"fd80743\" data-element_type=\"widget\" data-widget_type=\"html.default\">\n\t\t\t\t\t<span><span><a href=\"https:\/\/ozelistanbulsisliadsp.com\/en\/\">Anasayfa<\/a><\/span><\/span>\n\t\t\t\t<\/div>\n\t\t\t\t<\/div>\n\t\t\t\t\t<\/div>\n\t\t\t\t<\/div>\n\t\t<div class=\"elementor-element elementor-element-49c8edb e-flex e-con-boxed e-con e-parent\" data-id=\"49c8edb\" data-element_type=\"container\" data-settings=\"{&quot;_ha_eqh_enable&quot;:false}\">\n\t\t\t\t\t<div class=\"e-con-inner\">\n\t\t\t\t<div class=\"elementor-element elementor-element-dac81f1 elementor-widget elementor-widget-heading\" data-id=\"dac81f1\" data-element_type=\"widget\" data-widget_type=\"heading.default\">\n\t\t\t\t\t<h1 class=\"elementor-heading-title elementor-size-default\"><a href=\"https:\/\/ozelistanbulsisliadsp.com\/en\/privacy-policy\/\">DISCLOSURE REGARDING PERSONAL DATA PROTECTION<\/a><\/h1>\t\t\t\t<\/div>\n\t\t\t\t<div class=\"elementor-element elementor-element-d806249 elementor-widget elementor-widget-text-editor\" data-id=\"d806249\" data-element_type=\"widget\" data-widget_type=\"text-editor.default\">\n\t\t\t\t\t\t\t\t\t<p align=\"JUSTIFY\">In accordance with the Data Protection Law 6698 (\u201cLaw\u201d), DENTF\u0130KS A\u011eIZ VE D\u0130\u015e SA\u011eLI\u011eI SANAY\u0130 T\u0130CARET L\u0130M\u0130TED \u015e\u0130RKET\u0130 (\u201c\u00d6zel \u0130stanbul \u015ei\u015fli ADSPturkey\u201d) may process your personal data, as Data Controller, in accordance with the framework described below.<\/p><p align=\"JUSTIFY\"><b>A)Identity of the Data Controller<\/b><\/p><p align=\"JUSTIFY\">In accordance with the Law and framework described below, your personal data; can be processed by the DENTF\u0130KS A\u011eIZ VE D\u0130\u015e SA\u011eLI\u011eI SANAY\u0130 T\u0130CARET L\u0130M\u0130TED \u015e\u0130RKET\u0130 whose head office address is Abide-i H\u00fcrriyet Caddesi No: 171\/8 \u015ei\u015fli Istanbul as data controller.<\/p><p align=\"JUSTIFY\"><b>B)The Purpose of Process\u0131ng of Personal Data<\/b><\/p><p align=\"JUSTIFY\">Your personal data may be obtained through automatic or non-automatic methods in oral, written, visual or electronic media, through the call center, website and similar channels for the purpose of conducting health tourism services. The personal data may vary depending on the service, product or business activity provided by \u00d6zel \u0130stanbul \u015ei\u015fli ADSPturkey. Your health data, sensitive and non-sensitive personal data may be processed by \u00d6zel \u0130stanbul \u015ei\u015fli ADSPturkey within the personal data processing conditions and purposes specified in articles 5 and 6 of the Law and in connection with the purposes set out in this article (including but not limited to):<\/p><p align=\"JUSTIFY\">\u2022\u00a0Credentials: Name, surname, passport number, identification number or other information which may be needed for visa and reservation procedures.<\/p><p align=\"JUSTIFY\">\u2022\u00a0Contact information: Address, phone number, email address, any other contact details.<\/p><p align=\"JUSTIFY\">\u2022\u00a0Account details: Bank account, IBAN number, credit card details and other financial details, invoicing details for payments.<\/p><p align=\"JUSTIFY\">\u2022\u00a0Data which obtained for the purpose of providing health tourism services.<\/p><p align=\"JUSTIFY\">\u2022\u00a0Your health condition, lab results, test results, reason of travel, previous examination results, hospital\/clinic information and other health related personal data you have provided to \u00d6zel \u0130stanbul \u015ei\u015fli ADSPturkey to transfer them to the hospitals\/clinics.<\/p><p align=\"JUSTIFY\">\u2022\u00a0If you use our website or get assistance through our call center, your personal data will be collected, used, processed and stored in order to give the best relevant services.<\/p><p align=\"JUSTIFY\">Your personal data can be used and\/or processed for:<\/p><p align=\"JUSTIFY\">\u2022\u00a0Confirming your personal identification,<\/p><p align=\"JUSTIFY\">\u2022\u00a0Providing healthcare tourism services,<\/p><p align=\"JUSTIFY\">\u2022\u00a0Planning your travel, making reservations and\/or transfer services,<\/p><p align=\"JUSTIFY\">\u2022\u00a0Visa procurement and healthcare insurance necessities under your travel,<\/p><p align=\"JUSTIFY\">\u2022\u00a0To enable us to meet all legal and statutory obligations;<\/p><p align=\"JUSTIFY\">\u2022\u00a0To invoice all related parties for \u00d6zel \u0130stanbul \u015ei\u015fli ADSPturkey services<\/p><p align=\"JUSTIFY\">\u2022\u00a0To manage our records, archive, manage customer satisfaction and auditing;<\/p><p align=\"JUSTIFY\">\u2022\u00a0To operate web site and deliver the services that individuals have requested, to inform you of news, events, activities, and services provided by \u00d6zel \u0130stanbul \u015ei\u015fli ADSPturkey;<\/p><p align=\"JUSTIFY\">Your personal data may be collected and\/or archived both digitally and physically according to relevant laws.<\/p><p align=\"JUSTIFY\"><b>C)Transfer of Personal Data<\/b><\/p><p align=\"JUSTIFY\">Your personal data may be shared with relevant parties, within the transfer of personal data conditions and purposes specified in articles 8 and 9 of the Law, such as (but not limited to) Tursab, Hospitals, Clinics, Ministry of Health, Ministry of Culture and Tourism, Social Services, Insurance Companies, Airlines, Hotels, accounting\/tax\/financial consultants, tourism agencies and other cooperating companies and other related parties according to relevant Laws. Your personal data may be shared with international authorities in case required by law or necessary for the services provided.<\/p><p align=\"JUSTIFY\"><b>D)Method of Personal Data Collection and its Legal Reason<\/b><\/p><p align=\"JUSTIFY\">All personal data provided orally, written, visually and\/or through digital chanelles is collected and processed by \u00d6zel \u0130stanbul \u015ei\u015fli ADSPturkey for the above mentioned reasons including all fields of activity of \u00d6zel \u0130stanbul \u015ei\u015fli ADSPturkey. The legal grounds for the collection and process of your personal data is:<\/p><p align=\"JUSTIFY\">\u2022\u00a0Data Protection Law number 6698<\/p><p align=\"JUSTIFY\">\u2022\u00a0Health Services Common Law number 3359<\/p><p align=\"JUSTIFY\">\u2022\u00a0Personal Data Processing and Protection Regulation,<\/p><p align=\"JUSTIFY\">\u2022\u00a0Ministry of Health arrangements\/regulations<\/p><p align=\"JUSTIFY\">\u2022\u00a0Tourism Agencies and Tourism Agencies Association Law<\/p><p align=\"JUSTIFY\">\u2022\u00a0Tourism Agencies Regulation and related legal provisions<\/p><p align=\"JUSTIFY\">In addition, as stated by article 5 clause 2 of the Law, Personal data may be processed without seeking the explicit consent of the data subject only in cases where one of the following conditions is met:<\/p><p align=\"JUSTIFY\">a)It is expressly provided for by the laws.<\/p><p align=\"JUSTIFY\">b)It is necessary for the protection of life or physical integrity of the person himself\/herself or of any other person, who is unable to explain his\/her consent due to the physical disability or whose consent is not deemed legally valid.<\/p><p align=\"JUSTIFY\">c)Processing of personal data of the parties of a contract is necessary, provided that it is directly related to the establishment or performance of the contract.<\/p><p align=\"JUSTIFY\">d)It is necessary for compliance with a legal obligation to which the data controller is subject.<\/p><p align=\"JUSTIFY\">e)Personal data have been made public by the data subject himself\/herself.<\/p><p align=\"JUSTIFY\">f)Data processing is necessary for the establishment, exercise or protection of any right.<\/p><p align=\"JUSTIFY\">g)Processing of data is necessary for the legitimate interests pursued by the data controller, provided that this processing shall not violate the fundamental rights and freedoms of the data subject.<\/p><p align=\"JUSTIFY\">In addition, as stated by article 6 clause 3 of the Law, personal data concerning health and sexual life may only be processed, without seeking explicit consent of the data subject, by the persons subject to secrecy obligation or competent public institutions and organizations, for the purposes of protection of public health, operation of preventive medicine, medical diagnosis, treatment and nursing services, planning and management of health-care services as well as their financing.<\/p><p align=\"JUSTIFY\"><b>E)Your Rights Regarding The Protection of Personal Data<\/b><\/p><p align=\"JUSTIFY\">According to the Law and regulations; you have a right to;<\/p><p align=\"JUSTIFY\">a) to learn whether your personal data are processed or not,<\/p><p align=\"JUSTIFY\">b) to demand for information as to if your personal data have been processed,<\/p><p align=\"JUSTIFY\">c) to learn the purpose of the processing of your personal data and whether these personal<\/p><p align=\"JUSTIFY\">data are used in compliance with the purpose,<\/p><p align=\"JUSTIFY\">d) to know the third parties to whom your personal data are transferred in country or abroad,<\/p><p align=\"JUSTIFY\">e) to request the rectification of the incomplete or inaccurate data, if any,<\/p><p align=\"JUSTIFY\">f) to request the erasure or destruction of your personal data under the conditions referred to in Article 7 of the Law,<\/p><p align=\"JUSTIFY\">g) to request reporting of the operations carried out pursuant to sub-paragraphs (e) and (f) to third parties to whom your personal data have been transferred,<\/p><p align=\"JUSTIFY\">h) to object to the occurrence of a result against yourself by analyzing the data processed solely through automated systems,<\/p><p align=\"JUSTIFY\">i) to claim compensation for the damage arising from the unlawful processing of your personal data.<\/p><p align=\"JUSTIFY\">You will be notified clearly via email or in other written forms in case you use your right regarding the protection of personal data.<\/p><p align=\"JUSTIFY\"><b>F)Data Storage &amp; Security<\/b><\/p><p align=\"JUSTIFY\">Your personal data can be stored for the periods required by the purposes of processing. If there is no other justification or legal reason, there is no international law or regulation, and the obligations arising from the contracts or your personal data processing purposes are ceased, are deleted, destroyed or anonymized.<\/p><p align=\"JUSTIFY\">\u00d6zel \u0130stanbul \u015ei\u015fli ADSPturkey will provide necessary precautions for the protection of your sensitive and non-sensitive personal data. \u00d6zel \u0130stanbul \u015ei\u015fli ADSPturkey will make sure your data is kept safely, not processed and attained unlawfully. \u00d6zel \u0130stanbul \u015ei\u015fli ADSPturkey will use all technologic facilities for providing data security.<\/p><p align=\"JUSTIFY\"><b>G)Complaints and Contact<\/b><\/p><p align=\"JUSTIFY\">Your personal data is protected under rigorous conditions. Necessary security precautions both technical and managerial are provided considering potential risks. You can send your requests that are provided by law by;<\/p><p align=\"JUSTIFY\">Filling \u201cData Protection Law Application Form\u201d and send it through:<\/p><p align=\"JUSTIFY\">\u2022\u00a0Notary Channels or<\/p><p align=\"JUSTIFY\">\u2022\u00a0\u00d6zel \u0130stanbul \u015ei\u015fli ADSPturkey\u2019s registered e-mail address: dentfixturkey@hs01.kep.tr<\/p><p align=\"JUSTIFY\">In this context, written applications to be made on the subject will be accepted following the identity verification to be made by \u00d6zel \u0130stanbul \u015ei\u015fli ADSPturkey, and the relevant persons will be answered within the legal periods.<\/p><p align=\"JUSTIFY\"><strong>DENTF\u0130KS A\u011eIZ VE D\u0130\u015e SA\u011eLI\u011eI SANAY\u0130 T\u0130CARET L\u0130M\u0130TED \u015e\u0130RKET\u0130<\/strong><\/p>\t\t\t\t\t\t\t\t<\/div>\n\t\t\t\t\t<\/div>\n\t\t\t\t<\/div>\n\t\t\t\t<\/div>\n\t\t","protected":false},"excerpt":{"rendered":"<p>DISCLOSURE REGARDING PERSONAL DATA PROTECTION In accordance with the Data Protection Law 6698 (\u201cLaw\u201d), DENTF\u0130KS A\u011eIZ VE D\u0130\u015e SA\u011eLI\u011eI SANAY\u0130 T\u0130CARET L\u0130M\u0130TED \u015e\u0130RKET\u0130 (\u201c\u00d6zel \u0130stanbul \u015ei\u015fli ADSPturkey\u201d) may process your personal data, as Data Controller, in accordance with the framework described below. A)Identity of the Data Controller In accordance with the Law and framework described [&hellip;]<\/p>\n","protected":false},"author":1,"featured_media":0,"parent":0,"menu_order":0,"comment_status":"closed","ping_status":"closed","template":"","meta":{"_acf_changed":false,"footnotes":""},"class_list":["post-2987","page","type-page","status-publish","hentry"],"acf":[],"yoast_head":"<!-- This site is optimized with the Yoast SEO Premium plugin v22.7 (Yoast SEO v24.3) - https:\/\/yoast.com\/wordpress\/plugins\/seo\/ -->\n<title>Privacy Policy - \u00d6zel \u0130stanbul \u015ei\u015fli ADSP<\/title>\n<meta name=\"description\" content=\"Read our Privacy Policy to understand how we protect your personal information and data. Your privacy is our priority.\" \/>\n<meta name=\"robots\" content=\"index, follow, max-snippet:-1, max-image-preview:large, max-video-preview:-1\" \/>\n<link rel=\"canonical\" href=\"https:\/\/ozelistanbulsisliadsp.com\/en\/privacy-policy\/\" \/>\n<meta property=\"og:locale\" content=\"en_US\" \/>\n<meta property=\"og:type\" content=\"article\" \/>\n<meta property=\"og:title\" content=\"Privacy Policy - \u00d6zel \u0130stanbul \u015ei\u015fli ADSP\" \/>\n<meta property=\"og:description\" content=\"Read our Privacy Policy to understand how we protect your personal information and data. Your privacy is our priority.\" \/>\n<meta property=\"og:url\" content=\"https:\/\/ozelistanbulsisliadsp.com\/en\/privacy-policy\/\" \/>\n<meta property=\"og:site_name\" content=\"\u00d6zel \u0130stanbul \u015ei\u015fli ADSP\" \/>\n<meta property=\"article:modified_time\" content=\"2024-05-30T15:33:31+00:00\" \/>\n<meta name=\"twitter:card\" content=\"summary_large_image\" \/>\n<meta name=\"twitter:label1\" content=\"Est. reading time\" \/>\n\t<meta name=\"twitter:data1\" content=\"6 minutes\" \/>\n<script type=\"application\/ld+json\" class=\"yoast-schema-graph\">{\"@context\":\"https:\/\/schema.org\",\"@graph\":[{\"@type\":\"WebPage\",\"@id\":\"https:\/\/ozelistanbulsisliadsp.com\/en\/privacy-policy\/\",\"url\":\"https:\/\/ozelistanbulsisliadsp.com\/en\/privacy-policy\/\",\"name\":\"Privacy Policy - \u00d6zel \u0130stanbul \u015ei\u015fli ADSP\",\"isPartOf\":{\"@id\":\"https:\/\/ozelistanbulsisliadsp.com\/en\/#website\"},\"datePublished\":\"2024-02-27T13:14:06+00:00\",\"dateModified\":\"2024-05-30T15:33:31+00:00\",\"description\":\"Read our Privacy Policy to understand how we protect your personal information and data. Your privacy is our priority.\",\"breadcrumb\":{\"@id\":\"https:\/\/ozelistanbulsisliadsp.com\/en\/privacy-policy\/#breadcrumb\"},\"inLanguage\":\"en-US\",\"potentialAction\":[{\"@type\":\"ReadAction\",\"target\":[\"https:\/\/ozelistanbulsisliadsp.com\/en\/privacy-policy\/\"]}]},{\"@type\":\"BreadcrumbList\",\"@id\":\"https:\/\/ozelistanbulsisliadsp.com\/en\/privacy-policy\/#breadcrumb\",\"itemListElement\":[{\"@type\":\"ListItem\",\"position\":1,\"name\":\"Anasayfa\",\"item\":\"https:\/\/ozelistanbulsisliadsp.com\/en\/\"},{\"@type\":\"ListItem\",\"position\":2,\"name\":\"Privacy Policy\"}]},{\"@type\":\"WebSite\",\"@id\":\"https:\/\/ozelistanbulsisliadsp.com\/en\/#website\",\"url\":\"https:\/\/ozelistanbulsisliadsp.com\/en\/\",\"name\":\"\u00d6zel \u0130stanbul \u015ei\u015fli ADSP\",\"description\":\"A Dental Center in Turkey\",\"publisher\":{\"@id\":\"https:\/\/ozelistanbulsisliadsp.com\/en\/#organization\"},\"alternateName\":\"\u00d6zel \u0130stanbul \u015ei\u015fli ADSP\",\"potentialAction\":[{\"@type\":\"SearchAction\",\"target\":{\"@type\":\"EntryPoint\",\"urlTemplate\":\"https:\/\/ozelistanbulsisliadsp.com\/en\/?s={search_term_string}\"},\"query-input\":{\"@type\":\"PropertyValueSpecification\",\"valueRequired\":true,\"valueName\":\"search_term_string\"}}],\"inLanguage\":\"en-US\"},{\"@type\":\"Organization\",\"@id\":\"https:\/\/ozelistanbulsisliadsp.com\/en\/#organization\",\"name\":\"\u00d6zel \u0130stanbul \u015ei\u015fli A\u011f\u0131z ve Di\u015f Sa\u011fl\u0131\u011f\u0131 Poliklini\u011fi\",\"url\":\"https:\/\/ozelistanbulsisliadsp.com\/en\/\",\"logo\":{\"@type\":\"ImageObject\",\"inLanguage\":\"en-US\",\"@id\":\"https:\/\/ozelistanbulsisliadsp.com\/en\/#\/schema\/logo\/image\/\",\"url\":\"https:\/\/ozelistanbulsisliadsp.com\/wp-content\/uploads\/2026\/05\/oasp-logo.png\",\"contentUrl\":\"https:\/\/ozelistanbulsisliadsp.com\/wp-content\/uploads\/2026\/05\/oasp-logo.png\",\"width\":640,\"height\":160,\"caption\":\"\u00d6zel \u0130stanbul \u015ei\u015fli A\u011f\u0131z ve Di\u015f Sa\u011fl\u0131\u011f\u0131 Poliklini\u011fi\"},\"image\":{\"@id\":\"https:\/\/ozelistanbulsisliadsp.com\/en\/#\/schema\/logo\/image\/\"}}]}<\/script>\n<!-- \/ Yoast SEO Premium plugin. -->","yoast_head_json":{"title":"Privacy Policy - \u00d6zel \u0130stanbul \u015ei\u015fli ADSP","description":"Read our Privacy Policy to understand how we protect your personal information and data. Your privacy is our priority.","robots":{"index":"index","follow":"follow","max-snippet":"max-snippet:-1","max-image-preview":"max-image-preview:large","max-video-preview":"max-video-preview:-1"},"canonical":"https:\/\/ozelistanbulsisliadsp.com\/en\/privacy-policy\/","og_locale":"en_US","og_type":"article","og_title":"Privacy Policy - \u00d6zel \u0130stanbul \u015ei\u015fli ADSP","og_description":"Read our Privacy Policy to understand how we protect your personal information and data. Your privacy is our priority.","og_url":"https:\/\/ozelistanbulsisliadsp.com\/en\/privacy-policy\/","og_site_name":"\u00d6zel \u0130stanbul \u015ei\u015fli ADSP","article_modified_time":"2024-05-30T15:33:31+00:00","twitter_card":"summary_large_image","twitter_misc":{"Est. reading time":"6 minutes"},"schema":{"@context":"https:\/\/schema.org","@graph":[{"@type":"WebPage","@id":"https:\/\/ozelistanbulsisliadsp.com\/en\/privacy-policy\/","url":"https:\/\/ozelistanbulsisliadsp.com\/en\/privacy-policy\/","name":"Privacy Policy - \u00d6zel \u0130stanbul \u015ei\u015fli ADSP","isPartOf":{"@id":"https:\/\/ozelistanbulsisliadsp.com\/en\/#website"},"datePublished":"2024-02-27T13:14:06+00:00","dateModified":"2024-05-30T15:33:31+00:00","description":"Read our Privacy Policy to understand how we protect your personal information and data. Your privacy is our priority.","breadcrumb":{"@id":"https:\/\/ozelistanbulsisliadsp.com\/en\/privacy-policy\/#breadcrumb"},"inLanguage":"en-US","potentialAction":[{"@type":"ReadAction","target":["https:\/\/ozelistanbulsisliadsp.com\/en\/privacy-policy\/"]}]},{"@type":"BreadcrumbList","@id":"https:\/\/ozelistanbulsisliadsp.com\/en\/privacy-policy\/#breadcrumb","itemListElement":[{"@type":"ListItem","position":1,"name":"Anasayfa","item":"https:\/\/ozelistanbulsisliadsp.com\/en\/"},{"@type":"ListItem","position":2,"name":"Privacy Policy"}]},{"@type":"WebSite","@id":"https:\/\/ozelistanbulsisliadsp.com\/en\/#website","url":"https:\/\/ozelistanbulsisliadsp.com\/en\/","name":"\u00d6zel \u0130stanbul \u015ei\u015fli ADSP","description":"A Dental Center in Turkey","publisher":{"@id":"https:\/\/ozelistanbulsisliadsp.com\/en\/#organization"},"alternateName":"\u00d6zel \u0130stanbul \u015ei\u015fli ADSP","potentialAction":[{"@type":"SearchAction","target":{"@type":"EntryPoint","urlTemplate":"https:\/\/ozelistanbulsisliadsp.com\/en\/?s={search_term_string}"},"query-input":{"@type":"PropertyValueSpecification","valueRequired":true,"valueName":"search_term_string"}}],"inLanguage":"en-US"},{"@type":"Organization","@id":"https:\/\/ozelistanbulsisliadsp.com\/en\/#organization","name":"\u00d6zel \u0130stanbul \u015ei\u015fli A\u011f\u0131z ve Di\u015f Sa\u011fl\u0131\u011f\u0131 Poliklini\u011fi","url":"https:\/\/ozelistanbulsisliadsp.com\/en\/","logo":{"@type":"ImageObject","inLanguage":"en-US","@id":"https:\/\/ozelistanbulsisliadsp.com\/en\/#\/schema\/logo\/image\/","url":"https:\/\/ozelistanbulsisliadsp.com\/wp-content\/uploads\/2026\/05\/oasp-logo.png","contentUrl":"https:\/\/ozelistanbulsisliadsp.com\/wp-content\/uploads\/2026\/05\/oasp-logo.png","width":640,"height":160,"caption":"\u00d6zel \u0130stanbul \u015ei\u015fli A\u011f\u0131z ve Di\u015f Sa\u011fl\u0131\u011f\u0131 Poliklini\u011fi"},"image":{"@id":"https:\/\/ozelistanbulsisliadsp.com\/en\/#\/schema\/logo\/image\/"}}]}},"_links":{"self":[{"href":"https:\/\/ozelistanbulsisliadsp.com\/en\/wp-json\/wp\/v2\/pages\/2987","targetHints":{"allow":["GET"]}}],"collection":[{"href":"https:\/\/ozelistanbulsisliadsp.com\/en\/wp-json\/wp\/v2\/pages"}],"about":[{"href":"https:\/\/ozelistanbulsisliadsp.com\/en\/wp-json\/wp\/v2\/types\/page"}],"author":[{"embeddable":true,"href":"https:\/\/ozelistanbulsisliadsp.com\/en\/wp-json\/wp\/v2\/users\/1"}],"replies":[{"embeddable":true,"href":"https:\/\/ozelistanbulsisliadsp.com\/en\/wp-json\/wp\/v2\/comments?post=2987"}],"version-history":[{"count":4,"href":"https:\/\/ozelistanbulsisliadsp.com\/en\/wp-json\/wp\/v2\/pages\/2987\/revisions"}],"predecessor-version":[{"id":269813,"href":"https:\/\/ozelistanbulsisliadsp.com\/en\/wp-json\/wp\/v2\/pages\/2987\/revisions\/269813"}],"wp:attachment":[{"href":"https:\/\/ozelistanbulsisliadsp.com\/en\/wp-json\/wp\/v2\/media?parent=2987"}],"curies":[{"name":"wp","href":"https:\/\/api.w.org\/{rel}","templated":true}]}}