{"id":2975,"date":"2024-02-27T13:10:57","date_gmt":"2024-02-27T13:10:57","guid":{"rendered":"https:\/\/ozelistanbulsisliadsp.kinsta.cloud\/?page_id=2975"},"modified":"2024-05-30T15:34:33","modified_gmt":"2024-05-30T15:34:33","slug":"terms-of-use","status":"publish","type":"page","link":"https:\/\/ozelistanbulsisliadsp.com\/en\/terms-of-use\/","title":{"rendered":"Terms of Use"},"content":{"rendered":"\t\t<div data-elementor-type=\"wp-page\" data-elementor-id=\"2975\" class=\"elementor elementor-2975\" data-elementor-settings=\"{&quot;ha_cmc_init_switcher&quot;:&quot;no&quot;,&quot;element_pack_global_tooltip_width&quot;:{&quot;unit&quot;:&quot;px&quot;,&quot;size&quot;:&quot;&quot;,&quot;sizes&quot;:[]},&quot;element_pack_global_tooltip_width_tablet&quot;:{&quot;unit&quot;:&quot;px&quot;,&quot;size&quot;:&quot;&quot;,&quot;sizes&quot;:[]},&quot;element_pack_global_tooltip_width_mobile&quot;:{&quot;unit&quot;:&quot;px&quot;,&quot;size&quot;:&quot;&quot;,&quot;sizes&quot;:[]},&quot;element_pack_global_tooltip_padding&quot;:{&quot;unit&quot;:&quot;px&quot;,&quot;top&quot;:&quot;&quot;,&quot;right&quot;:&quot;&quot;,&quot;bottom&quot;:&quot;&quot;,&quot;left&quot;:&quot;&quot;,&quot;isLinked&quot;:true},&quot;element_pack_global_tooltip_padding_tablet&quot;:{&quot;unit&quot;:&quot;px&quot;,&quot;top&quot;:&quot;&quot;,&quot;right&quot;:&quot;&quot;,&quot;bottom&quot;:&quot;&quot;,&quot;left&quot;:&quot;&quot;,&quot;isLinked&quot;:true},&quot;element_pack_global_tooltip_padding_mobile&quot;:{&quot;unit&quot;:&quot;px&quot;,&quot;top&quot;:&quot;&quot;,&quot;right&quot;:&quot;&quot;,&quot;bottom&quot;:&quot;&quot;,&quot;left&quot;:&quot;&quot;,&quot;isLinked&quot;:true},&quot;element_pack_global_tooltip_border_radius&quot;:{&quot;unit&quot;:&quot;px&quot;,&quot;top&quot;:&quot;&quot;,&quot;right&quot;:&quot;&quot;,&quot;bottom&quot;:&quot;&quot;,&quot;left&quot;:&quot;&quot;,&quot;isLinked&quot;:true},&quot;element_pack_global_tooltip_border_radius_tablet&quot;:{&quot;unit&quot;:&quot;px&quot;,&quot;top&quot;:&quot;&quot;,&quot;right&quot;:&quot;&quot;,&quot;bottom&quot;:&quot;&quot;,&quot;left&quot;:&quot;&quot;,&quot;isLinked&quot;:true},&quot;element_pack_global_tooltip_border_radius_mobile&quot;:{&quot;unit&quot;:&quot;px&quot;,&quot;top&quot;:&quot;&quot;,&quot;right&quot;:&quot;&quot;,&quot;bottom&quot;:&quot;&quot;,&quot;left&quot;:&quot;&quot;,&quot;isLinked&quot;:true}}\" data-elementor-post-type=\"page\">\n\t\t\t\t<div class=\"elementor-element elementor-element-9e30c5a e-flex e-con-boxed e-con e-parent\" data-id=\"9e30c5a\" data-element_type=\"container\" data-settings=\"{&quot;background_background&quot;:&quot;classic&quot;,&quot;_ha_eqh_enable&quot;:false}\">\n\t\t\t\t\t<div class=\"e-con-inner\">\n\t\t<div class=\"elementor-element elementor-element-df0f23e e-con-full e-flex e-con e-child\" data-id=\"df0f23e\" data-element_type=\"container\" data-settings=\"{&quot;_ha_eqh_enable&quot;:false}\">\n\t\t\t\t<div class=\"elementor-element elementor-element-64b02c4 elementor-widget elementor-widget-html\" data-id=\"64b02c4\" data-element_type=\"widget\" data-widget_type=\"html.default\">\n\t\t\t\t\t<span><span><a href=\"https:\/\/ozelistanbulsisliadsp.com\/en\/\">Anasayfa<\/a><\/span><\/span>\n\t\t\t\t<\/div>\n\t\t\t\t<\/div>\n\t\t\t\t\t<\/div>\n\t\t\t\t<\/div>\n\t\t<div class=\"elementor-element elementor-element-eb9ad87 e-flex e-con-boxed e-con e-parent\" data-id=\"eb9ad87\" data-element_type=\"container\" data-settings=\"{&quot;_ha_eqh_enable&quot;:false}\">\n\t\t\t\t\t<div class=\"e-con-inner\">\n\t\t\t\t<div class=\"elementor-element elementor-element-ec8876e elementor-widget elementor-widget-heading\" data-id=\"ec8876e\" data-element_type=\"widget\" data-widget_type=\"heading.default\">\n\t\t\t\t\t<h1 class=\"elementor-heading-title elementor-size-default\">Terms of Use<\/h1>\t\t\t\t<\/div>\n\t\t\t\t<div class=\"elementor-element elementor-element-6f5dec0 elementor-widget elementor-widget-text-editor\" data-id=\"6f5dec0\" data-element_type=\"widget\" data-widget_type=\"text-editor.default\">\n\t\t\t\t\t\t\t\t\t<p>By accessing or using this Site in any way, including using any Services, downloading Materials or merely browsing the Site (capitalized terms defined below), you agree to and are bound by the terms and conditions set forth in this document and in any changes thereto that \u0130stanbul \u015ei\u015fli A\u011f\u0131z Ve Di\u015f Sa\u011fl\u0131\u011f\u0131 Poliklini\u011fi may publish from time to time (collectively, the \u201cTerms of Use\u201d). If you do not agree to all of the terms and conditions contained in the Terms of Use, do not access or use this Site.<\/p><p>may change the Terms of Use and other guidelines and rules posted on the Site from time to time at its sole discretion. Your continued access or use of the Site, or any Materials or Services, constitutes your acceptance of the changes. Your access and use of the Site, Materials and Services will be subject to the most current version of the Terms of Use, rules and guidelines posted on the Site at the time of such use. Please regularly check the \u201cTerms of Use\u201d link on the home page of ozelistanbulsisliadsp.com.tr to view the then-current terms. If you breach any of the Terms of Use, your authorization to access or use this Site, Services and Materials automatically terminates, and any Materials downloaded or printed from the Site in violation of the Terms of Use must be immediately destroyed.<\/p><p>Our services only and solely include flight reservations, hotel reservations, appointment scheduling with the hospitals, clinics or dentists as well as translation, transportation and organization services. It is not our responsibility to make sure that scheduled travels are performed or not. We are not an intermediary travel organiser. As a result of the services reserved, contracts are signed with the travel agencies, airline agencies, hotels, hospitals and transfer companies. Whether the services we only mediate are performed is not an element of our contract based obligations.<\/p><p>Information and prices on the service provider we mediate completely depend on the information the relevant service provider gives us. For the services we mediate, we are not responsible for ensuring that the services are accomplished properly.<\/p><p>We do not accept any responsibility particularly regarding that the medical institutions do not meet their treatment requirements. It is the patient alone who determines the type of medical treatment. We do not accept any responsibility about the medical malpractices in particular. Surgery, surgery related pre-examinations and medical checks, all kinds of medical services, additional and similar services are second hand services we mediate. The client signs an agreement with the hospital\/clinic\/dentist regarding this part of the trip.<\/p><p>\u0130stanbul \u015ei\u015fli A\u011f\u0131z Ve Di\u015f Sa\u011fl\u0131\u011f\u0131 Poliklini\u011fi, its affiliates and agents (\u201c\u0130stanbul \u015ei\u015fli A\u011f\u0131z Ve Di\u015f Sa\u011fl\u0131\u011f\u0131 Poliklini\u011fi\u201d) make this website and all other websites of \u0130\u0130stanbul \u015ei\u015fli A\u011f\u0131z Ve Di\u015f Sa\u011fl\u0131\u011f\u0131 Poliklini\u011fi, with links to the Terms of Use (collectively, the \u201cSite\u201d), and the Materials and Services, available for your access and use subject to the Terms of Use. \u201cMaterials\u201d means all information, data, documents (e.g. white papers, press releases, datasheets, FAQs, etc.), communications, downloads, files, text, images, photographs, graphics, videos, webcasts, publications, content, tools, resources, programs and products made available or enabled via the Site by \u0130stanbul \u015ei\u015fli A\u011f\u0131z Ve Di\u015f Sa\u011fl\u0131\u011f\u0131 Poliklini\u011fi or users of this Site. \u201cServices\u201d means all services and resources offered or enabled via the Site by \u0130stanbul \u015ei\u015fli A\u011f\u0131z Ve Di\u015f Sa\u011fl\u0131\u011f\u0131 Poliklini\u011fi and users of this Site, including other information services and communications services such as bulletin, chat areas, communities, e-mail, forums (including lab and user to user forums), newsgroups, personal web pages, photo albums and other message or communication facilities designed to enable you to communicate with others (collectively, \u201cCommunications Venues\u201d). All Materials provided by \u0130stanbul \u015ei\u015fli A\u011f\u0131z Ve Di\u015f Sa\u011fl\u0131\u011f\u0131 Poliklini\u011fi are referred to collectively as \u201c\u0130stanbul \u015ei\u015fli A\u011f\u0131z Ve Di\u015f Sa\u011fl\u0131\u011f\u0131 Poliklini\u011fi Materials\u201d. All user-supplied Materials are referred to collectively as \u201cUser Materials\u201d. Certain Services may involve collaboration and information-sharing services among a specified group. Materials posted by users in such groups in conjunction with such collaboration and information-sharing are referred to collectively as \u201cShared Content\u201d. The group of persons among which such collaboration and file sharing involving Shared Content takes place is referred to herein as the \u201cWork Group\u201d. All User Materials that are not Shared Content shall be referred to herein as \u201cUser Content\u201d. \u0130stanbul \u015ei\u015fli A\u011f\u0131z Ve Di\u015f Sa\u011fl\u0131\u011f\u0131 Poliklini\u011fi Materials and User Materials may have different restrictions and conditions associated with them under the Terms of Use and other guidelines and rules posted via the Site.<\/p><p>The Materials and Services, as well as their selection and arrangement, are protected by copyrights, trademarks, patents, trade secrets and all other intellectual property and proprietary rights (collectively, \u201cIntellectual Property Rights\u201d), and any unauthorized use of the Materials or Services may violate such laws and the Terms of Use. Except as expressly provided herein, \u0130stanbul \u015ei\u015fli A\u011f\u0131z Ve Di\u015f Sa\u011fl\u0131\u011f\u0131 Poliklini\u011fi and its suppliers do not grant any express or implied rights to use the Materials and Services. You agree not to copy, republish, frame, download, transmit, modify, adapt, create derivative works based on, rent, lease, loan, sell, assign, distribute, display, perform, license, sublicense or reverse engineer the Site, Materials or Services, any portions of the Site, Materials or Services or the selection and arrangement of the Site, Materials or Services, except as expressly authorized herein.<\/p>\t\t\t\t\t\t\t\t<\/div>\n\t\t\t\t\t<\/div>\n\t\t\t\t<\/div>\n\t\t\t\t<\/div>\n\t\t","protected":false},"excerpt":{"rendered":"<p>By accessing or using this Site in any way, including using any Services, downloading Materials or merely browsing the Site (capitalized terms defined below), you agree to and are bound by the terms and conditions set forth in this document and in any changes thereto that \u0130stanbul \u015ei\u015fli A\u011f\u0131z Ve Di\u015f Sa\u011fl\u0131\u011f\u0131 Poliklini\u011fi may publish [&hellip;]<\/p>\n","protected":false},"author":1,"featured_media":0,"parent":0,"menu_order":0,"comment_status":"closed","ping_status":"closed","template":"","meta":{"_acf_changed":false,"footnotes":""},"class_list":["post-2975","page","type-page","status-publish","hentry"],"acf":[],"yoast_head":"<!-- This site is optimized with the Yoast SEO Premium plugin v22.7 (Yoast SEO v24.3) - https:\/\/yoast.com\/wordpress\/plugins\/seo\/ -->\n<title>Terms of Use - \u00d6zel \u0130stanbul \u015ei\u015fli ADSP<\/title>\n<meta name=\"description\" content=\"Review our Terms of Use to understand the rules and guidelines for using our website and services.\" \/>\n<meta name=\"robots\" content=\"index, follow, max-snippet:-1, max-image-preview:large, max-video-preview:-1\" \/>\n<link rel=\"canonical\" href=\"https:\/\/ozelistanbulsisliadsp.com\/en\/terms-of-use\/\" \/>\n<meta property=\"og:locale\" content=\"en_US\" \/>\n<meta property=\"og:type\" content=\"article\" \/>\n<meta property=\"og:title\" content=\"Terms of Use - \u00d6zel \u0130stanbul \u015ei\u015fli ADSP\" \/>\n<meta property=\"og:description\" content=\"Review our Terms of Use to understand the rules and guidelines for using our website and services.\" \/>\n<meta property=\"og:url\" content=\"https:\/\/ozelistanbulsisliadsp.com\/en\/terms-of-use\/\" \/>\n<meta property=\"og:site_name\" content=\"\u00d6zel \u0130stanbul \u015ei\u015fli ADSP\" \/>\n<meta property=\"article:modified_time\" content=\"2024-05-30T15:34:33+00:00\" \/>\n<meta name=\"twitter:card\" content=\"summary_large_image\" \/>\n<meta name=\"twitter:label1\" content=\"Est. reading time\" \/>\n\t<meta name=\"twitter:data1\" content=\"4 minutes\" \/>\n<script type=\"application\/ld+json\" class=\"yoast-schema-graph\">{\"@context\":\"https:\/\/schema.org\",\"@graph\":[{\"@type\":\"WebPage\",\"@id\":\"https:\/\/ozelistanbulsisliadsp.com\/en\/terms-of-use\/\",\"url\":\"https:\/\/ozelistanbulsisliadsp.com\/en\/terms-of-use\/\",\"name\":\"Terms of Use - \u00d6zel \u0130stanbul \u015ei\u015fli ADSP\",\"isPartOf\":{\"@id\":\"https:\/\/ozelistanbulsisliadsp.com\/en\/#website\"},\"datePublished\":\"2024-02-27T13:10:57+00:00\",\"dateModified\":\"2024-05-30T15:34:33+00:00\",\"description\":\"Review our Terms of Use to understand the rules and guidelines for using our website and services.\",\"breadcrumb\":{\"@id\":\"https:\/\/ozelistanbulsisliadsp.com\/en\/terms-of-use\/#breadcrumb\"},\"inLanguage\":\"en-US\",\"potentialAction\":[{\"@type\":\"ReadAction\",\"target\":[\"https:\/\/ozelistanbulsisliadsp.com\/en\/terms-of-use\/\"]}]},{\"@type\":\"BreadcrumbList\",\"@id\":\"https:\/\/ozelistanbulsisliadsp.com\/en\/terms-of-use\/#breadcrumb\",\"itemListElement\":[{\"@type\":\"ListItem\",\"position\":1,\"name\":\"Anasayfa\",\"item\":\"https:\/\/ozelistanbulsisliadsp.com\/en\/\"},{\"@type\":\"ListItem\",\"position\":2,\"name\":\"Terms of Use\"}]},{\"@type\":\"WebSite\",\"@id\":\"https:\/\/ozelistanbulsisliadsp.com\/en\/#website\",\"url\":\"https:\/\/ozelistanbulsisliadsp.com\/en\/\",\"name\":\"\u00d6zel \u0130stanbul \u015ei\u015fli ADSP\",\"description\":\"A Dental Center in Turkey\",\"publisher\":{\"@id\":\"https:\/\/ozelistanbulsisliadsp.com\/en\/#organization\"},\"alternateName\":\"\u00d6zel \u0130stanbul \u015ei\u015fli ADSP\",\"potentialAction\":[{\"@type\":\"SearchAction\",\"target\":{\"@type\":\"EntryPoint\",\"urlTemplate\":\"https:\/\/ozelistanbulsisliadsp.com\/en\/?s={search_term_string}\"},\"query-input\":{\"@type\":\"PropertyValueSpecification\",\"valueRequired\":true,\"valueName\":\"search_term_string\"}}],\"inLanguage\":\"en-US\"},{\"@type\":\"Organization\",\"@id\":\"https:\/\/ozelistanbulsisliadsp.com\/en\/#organization\",\"name\":\"\u00d6zel \u0130stanbul \u015ei\u015fli A\u011f\u0131z ve Di\u015f Sa\u011fl\u0131\u011f\u0131 Poliklini\u011fi\",\"url\":\"https:\/\/ozelistanbulsisliadsp.com\/en\/\",\"logo\":{\"@type\":\"ImageObject\",\"inLanguage\":\"en-US\",\"@id\":\"https:\/\/ozelistanbulsisliadsp.com\/en\/#\/schema\/logo\/image\/\",\"url\":\"https:\/\/ozelistanbulsisliadsp.com\/wp-content\/uploads\/2026\/05\/oasp-logo.png\",\"contentUrl\":\"https:\/\/ozelistanbulsisliadsp.com\/wp-content\/uploads\/2026\/05\/oasp-logo.png\",\"width\":640,\"height\":160,\"caption\":\"\u00d6zel \u0130stanbul \u015ei\u015fli A\u011f\u0131z ve Di\u015f Sa\u011fl\u0131\u011f\u0131 Poliklini\u011fi\"},\"image\":{\"@id\":\"https:\/\/ozelistanbulsisliadsp.com\/en\/#\/schema\/logo\/image\/\"}}]}<\/script>\n<!-- \/ Yoast SEO Premium plugin. -->","yoast_head_json":{"title":"Terms of Use - \u00d6zel \u0130stanbul \u015ei\u015fli ADSP","description":"Review our Terms of Use to understand the rules and guidelines for using our website and services.","robots":{"index":"index","follow":"follow","max-snippet":"max-snippet:-1","max-image-preview":"max-image-preview:large","max-video-preview":"max-video-preview:-1"},"canonical":"https:\/\/ozelistanbulsisliadsp.com\/en\/terms-of-use\/","og_locale":"en_US","og_type":"article","og_title":"Terms of Use - \u00d6zel \u0130stanbul \u015ei\u015fli ADSP","og_description":"Review our Terms of Use to understand the rules and guidelines for using our website and services.","og_url":"https:\/\/ozelistanbulsisliadsp.com\/en\/terms-of-use\/","og_site_name":"\u00d6zel \u0130stanbul \u015ei\u015fli ADSP","article_modified_time":"2024-05-30T15:34:33+00:00","twitter_card":"summary_large_image","twitter_misc":{"Est. reading time":"4 minutes"},"schema":{"@context":"https:\/\/schema.org","@graph":[{"@type":"WebPage","@id":"https:\/\/ozelistanbulsisliadsp.com\/en\/terms-of-use\/","url":"https:\/\/ozelistanbulsisliadsp.com\/en\/terms-of-use\/","name":"Terms of Use - \u00d6zel \u0130stanbul \u015ei\u015fli ADSP","isPartOf":{"@id":"https:\/\/ozelistanbulsisliadsp.com\/en\/#website"},"datePublished":"2024-02-27T13:10:57+00:00","dateModified":"2024-05-30T15:34:33+00:00","description":"Review our Terms of Use to understand the rules and guidelines for using our website and services.","breadcrumb":{"@id":"https:\/\/ozelistanbulsisliadsp.com\/en\/terms-of-use\/#breadcrumb"},"inLanguage":"en-US","potentialAction":[{"@type":"ReadAction","target":["https:\/\/ozelistanbulsisliadsp.com\/en\/terms-of-use\/"]}]},{"@type":"BreadcrumbList","@id":"https:\/\/ozelistanbulsisliadsp.com\/en\/terms-of-use\/#breadcrumb","itemListElement":[{"@type":"ListItem","position":1,"name":"Anasayfa","item":"https:\/\/ozelistanbulsisliadsp.com\/en\/"},{"@type":"ListItem","position":2,"name":"Terms of Use"}]},{"@type":"WebSite","@id":"https:\/\/ozelistanbulsisliadsp.com\/en\/#website","url":"https:\/\/ozelistanbulsisliadsp.com\/en\/","name":"\u00d6zel \u0130stanbul \u015ei\u015fli ADSP","description":"A Dental Center in Turkey","publisher":{"@id":"https:\/\/ozelistanbulsisliadsp.com\/en\/#organization"},"alternateName":"\u00d6zel \u0130stanbul \u015ei\u015fli ADSP","potentialAction":[{"@type":"SearchAction","target":{"@type":"EntryPoint","urlTemplate":"https:\/\/ozelistanbulsisliadsp.com\/en\/?s={search_term_string}"},"query-input":{"@type":"PropertyValueSpecification","valueRequired":true,"valueName":"search_term_string"}}],"inLanguage":"en-US"},{"@type":"Organization","@id":"https:\/\/ozelistanbulsisliadsp.com\/en\/#organization","name":"\u00d6zel \u0130stanbul \u015ei\u015fli A\u011f\u0131z ve Di\u015f Sa\u011fl\u0131\u011f\u0131 Poliklini\u011fi","url":"https:\/\/ozelistanbulsisliadsp.com\/en\/","logo":{"@type":"ImageObject","inLanguage":"en-US","@id":"https:\/\/ozelistanbulsisliadsp.com\/en\/#\/schema\/logo\/image\/","url":"https:\/\/ozelistanbulsisliadsp.com\/wp-content\/uploads\/2026\/05\/oasp-logo.png","contentUrl":"https:\/\/ozelistanbulsisliadsp.com\/wp-content\/uploads\/2026\/05\/oasp-logo.png","width":640,"height":160,"caption":"\u00d6zel \u0130stanbul \u015ei\u015fli A\u011f\u0131z ve Di\u015f Sa\u011fl\u0131\u011f\u0131 Poliklini\u011fi"},"image":{"@id":"https:\/\/ozelistanbulsisliadsp.com\/en\/#\/schema\/logo\/image\/"}}]}},"_links":{"self":[{"href":"https:\/\/ozelistanbulsisliadsp.com\/en\/wp-json\/wp\/v2\/pages\/2975","targetHints":{"allow":["GET"]}}],"collection":[{"href":"https:\/\/ozelistanbulsisliadsp.com\/en\/wp-json\/wp\/v2\/pages"}],"about":[{"href":"https:\/\/ozelistanbulsisliadsp.com\/en\/wp-json\/wp\/v2\/types\/page"}],"author":[{"embeddable":true,"href":"https:\/\/ozelistanbulsisliadsp.com\/en\/wp-json\/wp\/v2\/users\/1"}],"replies":[{"embeddable":true,"href":"https:\/\/ozelistanbulsisliadsp.com\/en\/wp-json\/wp\/v2\/comments?post=2975"}],"version-history":[{"count":4,"href":"https:\/\/ozelistanbulsisliadsp.com\/en\/wp-json\/wp\/v2\/pages\/2975\/revisions"}],"predecessor-version":[{"id":269814,"href":"https:\/\/ozelistanbulsisliadsp.com\/en\/wp-json\/wp\/v2\/pages\/2975\/revisions\/269814"}],"wp:attachment":[{"href":"https:\/\/ozelistanbulsisliadsp.com\/en\/wp-json\/wp\/v2\/media?parent=2975"}],"curies":[{"name":"wp","href":"https:\/\/api.w.org\/{rel}","templated":true}]}}