{"id":264361,"date":"2024-03-20T09:01:37","date_gmt":"2024-03-20T09:01:37","guid":{"rendered":"https:\/\/ozelistanbulsisliadsp.kinsta.cloud\/?page_id=264361"},"modified":"2024-05-30T15:35:50","modified_gmt":"2024-05-30T15:35:50","slug":"thank-you","status":"publish","type":"page","link":"https:\/\/ozelistanbulsisliadsp.com\/en\/thank-you\/","title":{"rendered":"Thank You"},"content":{"rendered":"\t\t<div data-elementor-type=\"wp-page\" data-elementor-id=\"264361\" class=\"elementor elementor-264361\" data-elementor-settings=\"{&quot;ha_cmc_init_switcher&quot;:&quot;no&quot;,&quot;element_pack_global_tooltip_width&quot;:{&quot;unit&quot;:&quot;px&quot;,&quot;size&quot;:&quot;&quot;,&quot;sizes&quot;:[]},&quot;element_pack_global_tooltip_width_tablet&quot;:{&quot;unit&quot;:&quot;px&quot;,&quot;size&quot;:&quot;&quot;,&quot;sizes&quot;:[]},&quot;element_pack_global_tooltip_width_mobile&quot;:{&quot;unit&quot;:&quot;px&quot;,&quot;size&quot;:&quot;&quot;,&quot;sizes&quot;:[]},&quot;element_pack_global_tooltip_padding&quot;:{&quot;unit&quot;:&quot;px&quot;,&quot;top&quot;:&quot;&quot;,&quot;right&quot;:&quot;&quot;,&quot;bottom&quot;:&quot;&quot;,&quot;left&quot;:&quot;&quot;,&quot;isLinked&quot;:true},&quot;element_pack_global_tooltip_padding_tablet&quot;:{&quot;unit&quot;:&quot;px&quot;,&quot;top&quot;:&quot;&quot;,&quot;right&quot;:&quot;&quot;,&quot;bottom&quot;:&quot;&quot;,&quot;left&quot;:&quot;&quot;,&quot;isLinked&quot;:true},&quot;element_pack_global_tooltip_padding_mobile&quot;:{&quot;unit&quot;:&quot;px&quot;,&quot;top&quot;:&quot;&quot;,&quot;right&quot;:&quot;&quot;,&quot;bottom&quot;:&quot;&quot;,&quot;left&quot;:&quot;&quot;,&quot;isLinked&quot;:true},&quot;element_pack_global_tooltip_border_radius&quot;:{&quot;unit&quot;:&quot;px&quot;,&quot;top&quot;:&quot;&quot;,&quot;right&quot;:&quot;&quot;,&quot;bottom&quot;:&quot;&quot;,&quot;left&quot;:&quot;&quot;,&quot;isLinked&quot;:true},&quot;element_pack_global_tooltip_border_radius_tablet&quot;:{&quot;unit&quot;:&quot;px&quot;,&quot;top&quot;:&quot;&quot;,&quot;right&quot;:&quot;&quot;,&quot;bottom&quot;:&quot;&quot;,&quot;left&quot;:&quot;&quot;,&quot;isLinked&quot;:true},&quot;element_pack_global_tooltip_border_radius_mobile&quot;:{&quot;unit&quot;:&quot;px&quot;,&quot;top&quot;:&quot;&quot;,&quot;right&quot;:&quot;&quot;,&quot;bottom&quot;:&quot;&quot;,&quot;left&quot;:&quot;&quot;,&quot;isLinked&quot;:true}}\" data-elementor-post-type=\"page\">\n\t\t\t\t<div class=\"elementor-element elementor-element-765f45a e-flex e-con-boxed e-con e-parent\" data-id=\"765f45a\" data-element_type=\"container\" data-settings=\"{&quot;background_background&quot;:&quot;classic&quot;,&quot;_ha_eqh_enable&quot;:false}\">\n\t\t\t\t\t<div class=\"e-con-inner\">\n\t\t\t\t<div class=\"elementor-element elementor-element-1c8f473 elementor-widget elementor-widget-heading\" data-id=\"1c8f473\" data-element_type=\"widget\" data-widget_type=\"heading.default\">\n\t\t\t\t\t<h2 class=\"elementor-heading-title elementor-size-default\">Thank You!\n<\/h2>\t\t\t\t<\/div>\n\t\t\t\t<div class=\"elementor-element elementor-element-2d66e45 elementor-widget elementor-widget-text-editor\" data-id=\"2d66e45\" data-element_type=\"widget\" data-widget_type=\"text-editor.default\">\n\t\t\t\t\t\t\t\t\t<p>Thank you for getting in touch! We appreciate you contacting us.<br \/>One of our colleagues will get back in touch with you soon!<br \/>Have a great day!<\/p>\t\t\t\t\t\t\t\t<\/div>\n\t\t\t\t\t<\/div>\n\t\t\t\t<\/div>\n\t\t\t\t<\/div>\n\t\t","protected":false},"excerpt":{"rendered":"<p>Thank You! Thank you for getting in touch! We appreciate you contacting us. One of our colleagues will get back in touch with you soon! Have a great day!<\/p>\n","protected":false},"author":1,"featured_media":0,"parent":0,"menu_order":0,"comment_status":"closed","ping_status":"closed","template":"","meta":{"_acf_changed":false,"footnotes":""},"class_list":["post-264361","page","type-page","status-publish","hentry"],"acf":[],"yoast_head":"<!-- This site is optimized with the Yoast SEO Premium plugin v22.7 (Yoast SEO v24.3) - https:\/\/yoast.com\/wordpress\/plugins\/seo\/ -->\n<title>Thank You - \u00d6zel \u0130stanbul \u015ei\u015fli ADSP<\/title>\n<meta name=\"description\" content=\"You have contacted us. We will return in no time.\" \/>\n<meta name=\"robots\" content=\"index, follow, max-snippet:-1, max-image-preview:large, max-video-preview:-1\" \/>\n<link rel=\"canonical\" href=\"https:\/\/ozelistanbulsisliadsp.com\/en\/thank-you\/\" \/>\n<meta property=\"og:locale\" content=\"en_US\" \/>\n<meta property=\"og:type\" content=\"article\" \/>\n<meta property=\"og:title\" content=\"Thank You - \u00d6zel \u0130stanbul \u015ei\u015fli ADSP\" \/>\n<meta property=\"og:description\" content=\"You have contacted us. We will return in no time.\" \/>\n<meta property=\"og:url\" content=\"https:\/\/ozelistanbulsisliadsp.com\/en\/thank-you\/\" \/>\n<meta property=\"og:site_name\" content=\"\u00d6zel \u0130stanbul \u015ei\u015fli ADSP\" \/>\n<meta property=\"article:modified_time\" content=\"2024-05-30T15:35:50+00:00\" \/>\n<meta name=\"twitter:card\" content=\"summary_large_image\" \/>\n<meta name=\"twitter:label1\" content=\"Est. reading time\" \/>\n\t<meta name=\"twitter:data1\" content=\"1 minute\" \/>\n<script type=\"application\/ld+json\" class=\"yoast-schema-graph\">{\"@context\":\"https:\/\/schema.org\",\"@graph\":[{\"@type\":\"WebPage\",\"@id\":\"https:\/\/ozelistanbulsisliadsp.com\/en\/thank-you\/\",\"url\":\"https:\/\/ozelistanbulsisliadsp.com\/en\/thank-you\/\",\"name\":\"Thank You - \u00d6zel \u0130stanbul \u015ei\u015fli ADSP\",\"isPartOf\":{\"@id\":\"https:\/\/ozelistanbulsisliadsp.com\/en\/#website\"},\"datePublished\":\"2024-03-20T09:01:37+00:00\",\"dateModified\":\"2024-05-30T15:35:50+00:00\",\"description\":\"You have contacted us. We will return in no time.\",\"breadcrumb\":{\"@id\":\"https:\/\/ozelistanbulsisliadsp.com\/en\/thank-you\/#breadcrumb\"},\"inLanguage\":\"en-US\",\"potentialAction\":[{\"@type\":\"ReadAction\",\"target\":[\"https:\/\/ozelistanbulsisliadsp.com\/en\/thank-you\/\"]}]},{\"@type\":\"BreadcrumbList\",\"@id\":\"https:\/\/ozelistanbulsisliadsp.com\/en\/thank-you\/#breadcrumb\",\"itemListElement\":[{\"@type\":\"ListItem\",\"position\":1,\"name\":\"Anasayfa\",\"item\":\"https:\/\/ozelistanbulsisliadsp.com\/en\/\"},{\"@type\":\"ListItem\",\"position\":2,\"name\":\"Thank You\"}]},{\"@type\":\"WebSite\",\"@id\":\"https:\/\/ozelistanbulsisliadsp.com\/en\/#website\",\"url\":\"https:\/\/ozelistanbulsisliadsp.com\/en\/\",\"name\":\"\u00d6zel \u0130stanbul \u015ei\u015fli ADSP\",\"description\":\"A Dental Center in Turkey\",\"publisher\":{\"@id\":\"https:\/\/ozelistanbulsisliadsp.com\/en\/#organization\"},\"alternateName\":\"\u00d6zel \u0130stanbul \u015ei\u015fli ADSP\",\"potentialAction\":[{\"@type\":\"SearchAction\",\"target\":{\"@type\":\"EntryPoint\",\"urlTemplate\":\"https:\/\/ozelistanbulsisliadsp.com\/en\/?s={search_term_string}\"},\"query-input\":{\"@type\":\"PropertyValueSpecification\",\"valueRequired\":true,\"valueName\":\"search_term_string\"}}],\"inLanguage\":\"en-US\"},{\"@type\":\"Organization\",\"@id\":\"https:\/\/ozelistanbulsisliadsp.com\/en\/#organization\",\"name\":\"\u00d6zel \u0130stanbul \u015ei\u015fli A\u011f\u0131z ve Di\u015f Sa\u011fl\u0131\u011f\u0131 Poliklini\u011fi\",\"url\":\"https:\/\/ozelistanbulsisliadsp.com\/en\/\",\"logo\":{\"@type\":\"ImageObject\",\"inLanguage\":\"en-US\",\"@id\":\"https:\/\/ozelistanbulsisliadsp.com\/en\/#\/schema\/logo\/image\/\",\"url\":\"https:\/\/ozelistanbulsisliadsp.com\/wp-content\/uploads\/2026\/05\/oasp-logo.png\",\"contentUrl\":\"https:\/\/ozelistanbulsisliadsp.com\/wp-content\/uploads\/2026\/05\/oasp-logo.png\",\"width\":640,\"height\":160,\"caption\":\"\u00d6zel \u0130stanbul \u015ei\u015fli A\u011f\u0131z ve Di\u015f Sa\u011fl\u0131\u011f\u0131 Poliklini\u011fi\"},\"image\":{\"@id\":\"https:\/\/ozelistanbulsisliadsp.com\/en\/#\/schema\/logo\/image\/\"}}]}<\/script>\n<!-- \/ Yoast SEO Premium plugin. -->","yoast_head_json":{"title":"Thank You - \u00d6zel \u0130stanbul \u015ei\u015fli ADSP","description":"You have contacted us. We will return in no time.","robots":{"index":"index","follow":"follow","max-snippet":"max-snippet:-1","max-image-preview":"max-image-preview:large","max-video-preview":"max-video-preview:-1"},"canonical":"https:\/\/ozelistanbulsisliadsp.com\/en\/thank-you\/","og_locale":"en_US","og_type":"article","og_title":"Thank You - \u00d6zel \u0130stanbul \u015ei\u015fli ADSP","og_description":"You have contacted us. We will return in no time.","og_url":"https:\/\/ozelistanbulsisliadsp.com\/en\/thank-you\/","og_site_name":"\u00d6zel \u0130stanbul \u015ei\u015fli ADSP","article_modified_time":"2024-05-30T15:35:50+00:00","twitter_card":"summary_large_image","twitter_misc":{"Est. reading time":"1 minute"},"schema":{"@context":"https:\/\/schema.org","@graph":[{"@type":"WebPage","@id":"https:\/\/ozelistanbulsisliadsp.com\/en\/thank-you\/","url":"https:\/\/ozelistanbulsisliadsp.com\/en\/thank-you\/","name":"Thank You - \u00d6zel \u0130stanbul \u015ei\u015fli ADSP","isPartOf":{"@id":"https:\/\/ozelistanbulsisliadsp.com\/en\/#website"},"datePublished":"2024-03-20T09:01:37+00:00","dateModified":"2024-05-30T15:35:50+00:00","description":"You have contacted us. We will return in no time.","breadcrumb":{"@id":"https:\/\/ozelistanbulsisliadsp.com\/en\/thank-you\/#breadcrumb"},"inLanguage":"en-US","potentialAction":[{"@type":"ReadAction","target":["https:\/\/ozelistanbulsisliadsp.com\/en\/thank-you\/"]}]},{"@type":"BreadcrumbList","@id":"https:\/\/ozelistanbulsisliadsp.com\/en\/thank-you\/#breadcrumb","itemListElement":[{"@type":"ListItem","position":1,"name":"Anasayfa","item":"https:\/\/ozelistanbulsisliadsp.com\/en\/"},{"@type":"ListItem","position":2,"name":"Thank You"}]},{"@type":"WebSite","@id":"https:\/\/ozelistanbulsisliadsp.com\/en\/#website","url":"https:\/\/ozelistanbulsisliadsp.com\/en\/","name":"\u00d6zel \u0130stanbul \u015ei\u015fli ADSP","description":"A Dental Center in Turkey","publisher":{"@id":"https:\/\/ozelistanbulsisliadsp.com\/en\/#organization"},"alternateName":"\u00d6zel \u0130stanbul \u015ei\u015fli ADSP","potentialAction":[{"@type":"SearchAction","target":{"@type":"EntryPoint","urlTemplate":"https:\/\/ozelistanbulsisliadsp.com\/en\/?s={search_term_string}"},"query-input":{"@type":"PropertyValueSpecification","valueRequired":true,"valueName":"search_term_string"}}],"inLanguage":"en-US"},{"@type":"Organization","@id":"https:\/\/ozelistanbulsisliadsp.com\/en\/#organization","name":"\u00d6zel \u0130stanbul \u015ei\u015fli A\u011f\u0131z ve Di\u015f Sa\u011fl\u0131\u011f\u0131 Poliklini\u011fi","url":"https:\/\/ozelistanbulsisliadsp.com\/en\/","logo":{"@type":"ImageObject","inLanguage":"en-US","@id":"https:\/\/ozelistanbulsisliadsp.com\/en\/#\/schema\/logo\/image\/","url":"https:\/\/ozelistanbulsisliadsp.com\/wp-content\/uploads\/2026\/05\/oasp-logo.png","contentUrl":"https:\/\/ozelistanbulsisliadsp.com\/wp-content\/uploads\/2026\/05\/oasp-logo.png","width":640,"height":160,"caption":"\u00d6zel \u0130stanbul \u015ei\u015fli A\u011f\u0131z ve Di\u015f Sa\u011fl\u0131\u011f\u0131 Poliklini\u011fi"},"image":{"@id":"https:\/\/ozelistanbulsisliadsp.com\/en\/#\/schema\/logo\/image\/"}}]}},"_links":{"self":[{"href":"https:\/\/ozelistanbulsisliadsp.com\/en\/wp-json\/wp\/v2\/pages\/264361","targetHints":{"allow":["GET"]}}],"collection":[{"href":"https:\/\/ozelistanbulsisliadsp.com\/en\/wp-json\/wp\/v2\/pages"}],"about":[{"href":"https:\/\/ozelistanbulsisliadsp.com\/en\/wp-json\/wp\/v2\/types\/page"}],"author":[{"embeddable":true,"href":"https:\/\/ozelistanbulsisliadsp.com\/en\/wp-json\/wp\/v2\/users\/1"}],"replies":[{"embeddable":true,"href":"https:\/\/ozelistanbulsisliadsp.com\/en\/wp-json\/wp\/v2\/comments?post=264361"}],"version-history":[{"count":1,"href":"https:\/\/ozelistanbulsisliadsp.com\/en\/wp-json\/wp\/v2\/pages\/264361\/revisions"}],"predecessor-version":[{"id":269815,"href":"https:\/\/ozelistanbulsisliadsp.com\/en\/wp-json\/wp\/v2\/pages\/264361\/revisions\/269815"}],"wp:attachment":[{"href":"https:\/\/ozelistanbulsisliadsp.com\/en\/wp-json\/wp\/v2\/media?parent=264361"}],"curies":[{"name":"wp","href":"https:\/\/api.w.org\/{rel}","templated":true}]}}