{"id":25,"date":"2024-02-02T13:45:11","date_gmt":"2024-02-02T13:45:11","guid":{"rendered":"https:\/\/ozelistanbulsisliadsp.kinsta.cloud\/?page_id=25"},"modified":"2024-05-31T08:14:43","modified_gmt":"2024-05-31T08:14:43","slug":"contact","status":"publish","type":"page","link":"https:\/\/ozelistanbulsisliadsp.com\/en\/contact\/","title":{"rendered":"Contact"},"content":{"rendered":"\t\t<div data-elementor-type=\"wp-page\" data-elementor-id=\"25\" class=\"elementor elementor-25\" data-elementor-settings=\"{&quot;ha_cmc_init_switcher&quot;:&quot;no&quot;,&quot;element_pack_global_tooltip_width&quot;:{&quot;unit&quot;:&quot;px&quot;,&quot;size&quot;:&quot;&quot;,&quot;sizes&quot;:[]},&quot;element_pack_global_tooltip_width_tablet&quot;:{&quot;unit&quot;:&quot;px&quot;,&quot;size&quot;:&quot;&quot;,&quot;sizes&quot;:[]},&quot;element_pack_global_tooltip_width_mobile&quot;:{&quot;unit&quot;:&quot;px&quot;,&quot;size&quot;:&quot;&quot;,&quot;sizes&quot;:[]},&quot;element_pack_global_tooltip_padding&quot;:{&quot;unit&quot;:&quot;px&quot;,&quot;top&quot;:&quot;&quot;,&quot;right&quot;:&quot;&quot;,&quot;bottom&quot;:&quot;&quot;,&quot;left&quot;:&quot;&quot;,&quot;isLinked&quot;:true},&quot;element_pack_global_tooltip_padding_tablet&quot;:{&quot;unit&quot;:&quot;px&quot;,&quot;top&quot;:&quot;&quot;,&quot;right&quot;:&quot;&quot;,&quot;bottom&quot;:&quot;&quot;,&quot;left&quot;:&quot;&quot;,&quot;isLinked&quot;:true},&quot;element_pack_global_tooltip_padding_mobile&quot;:{&quot;unit&quot;:&quot;px&quot;,&quot;top&quot;:&quot;&quot;,&quot;right&quot;:&quot;&quot;,&quot;bottom&quot;:&quot;&quot;,&quot;left&quot;:&quot;&quot;,&quot;isLinked&quot;:true},&quot;element_pack_global_tooltip_border_radius&quot;:{&quot;unit&quot;:&quot;px&quot;,&quot;top&quot;:&quot;&quot;,&quot;right&quot;:&quot;&quot;,&quot;bottom&quot;:&quot;&quot;,&quot;left&quot;:&quot;&quot;,&quot;isLinked&quot;:true},&quot;element_pack_global_tooltip_border_radius_tablet&quot;:{&quot;unit&quot;:&quot;px&quot;,&quot;top&quot;:&quot;&quot;,&quot;right&quot;:&quot;&quot;,&quot;bottom&quot;:&quot;&quot;,&quot;left&quot;:&quot;&quot;,&quot;isLinked&quot;:true},&quot;element_pack_global_tooltip_border_radius_mobile&quot;:{&quot;unit&quot;:&quot;px&quot;,&quot;top&quot;:&quot;&quot;,&quot;right&quot;:&quot;&quot;,&quot;bottom&quot;:&quot;&quot;,&quot;left&quot;:&quot;&quot;,&quot;isLinked&quot;:true}}\" data-elementor-post-type=\"page\">\n\t\t\t\t<div class=\"elementor-element elementor-element-5546ddf e-flex e-con-boxed e-con e-parent\" data-id=\"5546ddf\" data-element_type=\"container\" data-settings=\"{&quot;background_background&quot;:&quot;classic&quot;,&quot;_ha_eqh_enable&quot;:false}\">\n\t\t\t\t\t<div class=\"e-con-inner\">\n\t\t<div class=\"elementor-element elementor-element-61dc456 e-con-full e-flex e-con e-child\" data-id=\"61dc456\" data-element_type=\"container\" data-settings=\"{&quot;_ha_eqh_enable&quot;:false}\">\n\t\t\t\t<div class=\"elementor-element elementor-element-22b0262 elementor-widget elementor-widget-html\" data-id=\"22b0262\" data-element_type=\"widget\" data-widget_type=\"html.default\">\n\t\t\t\t\t<span><span><a href=\"https:\/\/ozelistanbulsisliadsp.com\/en\/\">Anasayfa<\/a><\/span><\/span>\n\t\t\t\t<\/div>\n\t\t\t\t<\/div>\n\t\t\t\t\t<\/div>\n\t\t\t\t<\/div>\n\t\t<div class=\"elementor-element elementor-element-644105f e-flex e-con-boxed e-con e-parent\" data-id=\"644105f\" data-element_type=\"container\" data-settings=\"{&quot;_ha_eqh_enable&quot;:false}\">\n\t\t\t\t\t<div class=\"e-con-inner\">\n\t\t<div class=\"elementor-element elementor-element-4b92b9c e-con-full e-flex e-con e-child\" data-id=\"4b92b9c\" data-element_type=\"container\" data-settings=\"{&quot;_ha_eqh_enable&quot;:false}\">\n\t\t\t\t<div class=\"elementor-element elementor-element-12d0d64 elementor-widget elementor-widget-heading\" data-id=\"12d0d64\" data-element_type=\"widget\" data-widget_type=\"heading.default\">\n\t\t\t\t\t<h1 class=\"elementor-heading-title elementor-size-default\">Contact Us<\/h1>\t\t\t\t<\/div>\n\t\t\t\t<div class=\"elementor-element elementor-element-d2f6a73 elementor-widget elementor-widget-heading\" data-id=\"d2f6a73\" data-element_type=\"widget\" data-widget_type=\"heading.default\">\n\t\t\t\t\t<h2 class=\"elementor-heading-title elementor-size-default\">You\u2019re one step closer to a brand new smile.<\/h2>\t\t\t\t<\/div>\n\t\t\t\t<div class=\"elementor-element elementor-element-2226e79 elementor-widget elementor-widget-text-editor\" data-id=\"2226e79\" data-element_type=\"widget\" data-widget_type=\"text-editor.default\">\n\t\t\t\t\t\t\t\t\t<p class=\"p1\">Get in touch with us and we will help you with everything we may need. If you\u2019d like a free consultation, get in touch with us and tell us about your needs, problems and medical history. We will get in touch with you shorty!<\/p>\t\t\t\t\t\t\t\t<\/div>\n\t\t<div class=\"elementor-element elementor-element-fd86913 e-con-full e-flex e-con e-child\" data-id=\"fd86913\" data-element_type=\"container\" data-settings=\"{&quot;background_background&quot;:&quot;gradient&quot;,&quot;_ha_eqh_enable&quot;:false}\">\n\t\t\t\t<div class=\"elementor-element elementor-element-7a64d16 elementor-widget elementor-widget-template\" data-id=\"7a64d16\" data-element_type=\"widget\" data-widget_type=\"template.default\">\n\t\t\t\t<div class=\"elementor-widget-container\">\n\t\t\t\t\t\t\t<div class=\"elementor-template\">\n\t\t\t\t\t<div data-elementor-type=\"section\" data-elementor-id=\"269842\" class=\"elementor elementor-269842\" data-elementor-settings=\"{&quot;ha_cmc_init_switcher&quot;:&quot;no&quot;}\" data-elementor-post-type=\"elementor_library\">\n\t\t\t<div class=\"elementor-element elementor-element-781bcb3 e-flex e-con-boxed e-con e-parent\" data-id=\"781bcb3\" data-element_type=\"container\" data-settings=\"{&quot;_ha_eqh_enable&quot;:false}\">\n\t\t\t\t\t<div class=\"e-con-inner\">\n\t\t\t\t<div class=\"elementor-element elementor-element-64f7834 elementor-widget elementor-widget-html\" data-id=\"64f7834\" data-element_type=\"widget\" data-widget_type=\"html.default\">\n\t\t\t\t\t<form id=\"contactForm\">\r\n        <input type=\"text\" name=\"name\" id=\"Name\" placeholder=\"Name\">\r\n        <input type=\"text\" name=\"phone\" id=\"Phone\" placeholder=\"Phone\">\r\n        <input type=\"email\" name=\"email\" id=\"Email\" placeholder=\"Email\">\r\n        <input\r\n        type=\"hidden\"\r\n        id=\"Country\"\r\n        name=\"Country\"\r\n        maxLength=\"100\"\r\n        value=\"DefaultCountry\"\r\n      \/>\r\n\r\n      <input type=\"hidden\" type=\"text\" value=\"\u00d6zel \u0130stanbul \u015ei\u015fli ADSP SEO\" name=\"Doctor\" >\r\n      <input type=\"hidden\" type=\"text\" value=\"Dental\" name=\"Interest\" >\r\n      <input type=\"hidden\" name=\"Procedure\" value=\"Unknown\">\r\n      <input type=\"hidden\" name=\"Language\" value=\"English\">\r\n      <input type=\"hidden\" name=\"ip\" value=\"\">\r\n      <button type=\"submit\">Schedule a Free Consult!<\/button>\r\n      \r\n      <div class=\"form-message\">\r\n        <p>Form submitted successfully!<\/p>\r\n      <\/div>\r\n    <\/form>\t\t\t\t<\/div>\n\t\t\t\t\t<\/div>\n\t\t\t\t<\/div>\n\t\t\t\t<\/div>\n\t\t\t\t<\/div>\n\t\t\t\t\t\t<\/div>\n\t\t\t\t<\/div>\n\t\t\t\t<\/div>\n\t\t\t\t<div class=\"elementor-element elementor-element-8c5d1d5 elementor-widget elementor-widget-heading\" data-id=\"8c5d1d5\" data-element_type=\"widget\" data-widget_type=\"heading.default\">\n\t\t\t\t\t<h2 class=\"elementor-heading-title elementor-size-default\">Office Address<\/h2>\t\t\t\t<\/div>\n\t\t\t\t<div class=\"elementor-element elementor-element-036a179 elementor-widget elementor-widget-heading\" data-id=\"036a179\" data-element_type=\"widget\" data-widget_type=\"heading.default\">\n\t\t\t\t\t<p class=\"elementor-heading-title elementor-size-default\">19 May\u0131s Mah. Etfal Hastanesi Sk. Kent Apt. Blok No: 2 \u0130\u00e7 Kap\u0131 No: 78<br>\n\u015ei\u015fli, \u0130stanbul, Turkey<\/p>\t\t\t\t<\/div>\n\t\t\t\t<div class=\"elementor-element elementor-element-d7e2ed5 elementor-position-left elementor-view-default elementor-mobile-position-top elementor-vertical-align-top elementor-widget elementor-widget-icon-box\" data-id=\"d7e2ed5\" data-element_type=\"widget\" data-widget_type=\"icon-box.default\">\n\t\t\t\t\t\t\t<div class=\"elementor-icon-box-wrapper\">\n\n\t\t\t\t\t\t<div class=\"elementor-icon-box-icon\">\n\t\t\t\t<span  class=\"elementor-icon\">\n\t\t\t\t<svg xmlns=\"http:\/\/www.w3.org\/2000\/svg\" width=\"51\" height=\"51\" viewBox=\"0 0 51 51\" fill=\"none\"><path d=\"M50.2971 25.1486C50.2971 39.0377 39.0377 50.2971 25.1486 50.2971C11.2594 50.2971 0 39.0377 0 25.1486C0 11.2594 11.2594 0 25.1486 0C39.0377 0 50.2971 11.2594 50.2971 25.1486Z\" fill=\"#2556D6\"><\/path><path d=\"M14.9497 19.791C15.4261 21.8313 16.2533 23.6901 17.2288 25.4884C18.4353 27.7144 19.8287 29.8152 21.5957 31.6557C22.2546 32.3424 22.2589 32.3368 23.0961 31.8823C23.802 31.4995 24.508 31.114 25.2168 30.7369C26.2821 30.1698 27.3118 30.4569 27.9237 31.4939C28.7765 32.939 29.6251 34.3869 30.468 35.8377C31.0997 36.9253 30.7489 38.0482 29.5994 38.5942C27.9664 39.3709 26.3249 40.1293 24.6934 40.9089C24.4466 41.0271 24.2341 41.0228 23.986 40.9426C22.5085 40.467 21.2235 39.6608 20.0298 38.7039C17.5924 36.7509 15.63 34.3813 13.9001 31.819C11.6325 28.4616 9.8255 24.8833 8.73163 20.9814C8.20252 19.1001 7.8745 17.1907 8.04564 15.2263C8.06846 14.9702 8.11409 14.7156 8.13406 14.4595C8.17827 13.898 8.44354 13.5209 8.93985 13.2029C10.3218 12.3164 11.6624 11.3694 13.0201 10.4478C14.1696 9.66826 15.2935 9.91731 15.9937 11.1105C16.8195 12.5176 17.6424 13.9248 18.4638 15.3347C19.0999 16.4266 18.8432 17.4397 17.7579 18.0996C16.8309 18.6639 15.8982 19.2183 14.9483 19.7896L14.9497 19.791Z\" fill=\"white\"><\/path><path d=\"M41.9671 16.1108C41.9814 16.3387 41.9985 16.4879 41.9985 16.637C41.9985 21.6914 41.9999 26.7457 41.9985 31.8C41.9985 32.816 41.448 33.3676 40.4183 33.3676C37.382 33.3704 34.3442 33.3661 31.3079 33.3746C31.0754 33.3746 30.9457 33.3071 30.833 33.1058C30.3709 32.2897 29.8931 31.482 29.414 30.6744C28.303 28.8001 26.2692 28.2457 24.3368 29.2884C23.7649 29.5965 23.193 29.9061 22.5697 30.2424C20.0625 27.3902 18.19 24.1763 16.9121 20.5924C17.7407 20.083 18.5422 19.5906 19.3666 19.0826C20.9739 20.1689 22.6068 21.2706 24.2384 22.3738C25.4307 23.1801 26.6229 23.9892 27.8166 24.7955C28.3301 25.143 28.5968 25.1416 29.113 24.7926C33.239 22.0023 37.3649 19.212 41.4922 16.4218C41.6277 16.3303 41.7646 16.2416 41.9657 16.1094L41.9671 16.1108Z\" fill=\"white\"><\/path><path d=\"M40.4621 15.084C36.4231 17.8152 32.4584 20.4957 28.4665 23.196C28.1642 22.9905 27.8647 22.7879 27.5637 22.5853C25.2262 21.0051 22.8916 19.4235 20.5498 17.8504C20.3501 17.7167 20.2945 17.6069 20.3701 17.3734C20.614 16.6107 20.5355 15.8509 20.2617 15.084H40.4621Z\" fill=\"white\"><\/path><\/svg>\t\t\t\t<\/span>\n\t\t\t<\/div>\n\t\t\t\n\t\t\t\t\t\t<div class=\"elementor-icon-box-content\">\n\n\t\t\t\t\t\t\t\t\t<h3 class=\"elementor-icon-box-title\">\n\t\t\t\t\t\t<span  >\n\t\t\t\t\t\t\t+90 212 225 5000<br> info@ozelistanbulsisliadsp.com\t\t\t\t\t\t<\/span>\n\t\t\t\t\t<\/h3>\n\t\t\t\t\n\t\t\t\t\n\t\t\t<\/div>\n\t\t\t\n\t\t<\/div>\n\t\t\t\t\t\t<\/div>\n\t\t\t\t<div class=\"elementor-element elementor-element-c679860 e-grid-align-left elementor-shape-rounded elementor-grid-0 elementor-widget elementor-widget-social-icons\" data-id=\"c679860\" data-element_type=\"widget\" data-widget_type=\"social-icons.default\">\n\t\t\t\t\t\t\t<div class=\"elementor-social-icons-wrapper elementor-grid\">\n\t\t\t\t\t\t\t<span class=\"elementor-grid-item\">\n\t\t\t\t\t<a class=\"elementor-icon elementor-social-icon elementor-social-icon-facebook elementor-repeater-item-724d705\" href=\"https:\/\/www.facebook.com\/people\/\u00d6zel%20\u0130stanbul%20\u015ei\u015fli%20ADSP\/100088026948190\/\">\n\t\t\t\t\t\t<span class=\"elementor-screen-only\">Facebook<\/span>\n\t\t\t\t\t\t<svg class=\"e-font-icon-svg e-fab-facebook\" viewBox=\"0 0 512 512\" xmlns=\"http:\/\/www.w3.org\/2000\/svg\"><path d=\"M504 256C504 119 393 8 256 8S8 119 8 256c0 123.78 90.69 226.38 209.25 245V327.69h-63V256h63v-54.64c0-62.15 37-96.48 93.67-96.48 27.14 0 55.52 4.84 55.52 4.84v61h-31.28c-30.8 0-40.41 19.12-40.41 38.73V256h68.78l-11 71.69h-57.78V501C413.31 482.38 504 379.78 504 256z\"><\/path><\/svg>\t\t\t\t\t<\/a>\n\t\t\t\t<\/span>\n\t\t\t\t\t\t\t<span class=\"elementor-grid-item\">\n\t\t\t\t\t<a class=\"elementor-icon elementor-social-icon elementor-social-icon-instagram elementor-repeater-item-9f03cec\" href=\"https:\/\/www.instagram.com\/\/\">\n\t\t\t\t\t\t<span class=\"elementor-screen-only\">Instagram<\/span>\n\t\t\t\t\t\t<svg class=\"e-font-icon-svg e-fab-instagram\" viewBox=\"0 0 448 512\" xmlns=\"http:\/\/www.w3.org\/2000\/svg\"><path d=\"M224.1 141c-63.6 0-114.9 51.3-114.9 114.9s51.3 114.9 114.9 114.9S339 319.5 339 255.9 287.7 141 224.1 141zm0 189.6c-41.1 0-74.7-33.5-74.7-74.7s33.5-74.7 74.7-74.7 74.7 33.5 74.7 74.7-33.6 74.7-74.7 74.7zm146.4-194.3c0 14.9-12 26.8-26.8 26.8-14.9 0-26.8-12-26.8-26.8s12-26.8 26.8-26.8 26.8 12 26.8 26.8zm76.1 27.2c-1.7-35.9-9.9-67.7-36.2-93.9-26.2-26.2-58-34.4-93.9-36.2-37-2.1-147.9-2.1-184.9 0-35.8 1.7-67.6 9.9-93.9 36.1s-34.4 58-36.2 93.9c-2.1 37-2.1 147.9 0 184.9 1.7 35.9 9.9 67.7 36.2 93.9s58 34.4 93.9 36.2c37 2.1 147.9 2.1 184.9 0 35.9-1.7 67.7-9.9 93.9-36.2 26.2-26.2 34.4-58 36.2-93.9 2.1-37 2.1-147.8 0-184.8zM398.8 388c-7.8 19.6-22.9 34.7-42.6 42.6-29.5 11.7-99.5 9-132.1 9s-102.7 2.6-132.1-9c-19.6-7.8-34.7-22.9-42.6-42.6-11.7-29.5-9-99.5-9-132.1s-2.6-102.7 9-132.1c7.8-19.6 22.9-34.7 42.6-42.6 29.5-11.7 99.5-9 132.1-9s102.7-2.6 132.1 9c19.6 7.8 34.7 22.9 42.6 42.6 11.7 29.5 9 99.5 9 132.1s2.7 102.7-9 132.1z\"><\/path><\/svg>\t\t\t\t\t<\/a>\n\t\t\t\t<\/span>\n\t\t\t\t\t\t\t<span class=\"elementor-grid-item\">\n\t\t\t\t\t<a class=\"elementor-icon elementor-social-icon elementor-social-icon-youtube elementor-repeater-item-93542cf\" href=\"https:\/\/www.youtube.com\/channel\/\">\n\t\t\t\t\t\t<span class=\"elementor-screen-only\">Youtube<\/span>\n\t\t\t\t\t\t<svg class=\"e-font-icon-svg e-fab-youtube\" viewBox=\"0 0 576 512\" xmlns=\"http:\/\/www.w3.org\/2000\/svg\"><path d=\"M549.655 124.083c-6.281-23.65-24.787-42.276-48.284-48.597C458.781 64 288 64 288 64S117.22 64 74.629 75.486c-23.497 6.322-42.003 24.947-48.284 48.597-11.412 42.867-11.412 132.305-11.412 132.305s0 89.438 11.412 132.305c6.281 23.65 24.787 41.5 48.284 47.821C117.22 448 288 448 288 448s170.78 0 213.371-11.486c23.497-6.321 42.003-24.171 48.284-47.821 11.412-42.867 11.412-132.305 11.412-132.305s0-89.438-11.412-132.305zm-317.51 213.508V175.185l142.739 81.205-142.739 81.201z\"><\/path><\/svg>\t\t\t\t\t<\/a>\n\t\t\t\t<\/span>\n\t\t\t\t\t<\/div>\n\t\t\t\t\t\t<\/div>\n\t\t\t\t<\/div>\n\t\t<div class=\"elementor-element elementor-element-2c38441 e-con-full e-flex e-con e-child\" data-id=\"2c38441\" data-element_type=\"container\" data-settings=\"{&quot;_ha_eqh_enable&quot;:false}\">\n\t\t\t\t<div class=\"elementor-element elementor-element-ba8f5b3 elementor-widget elementor-widget-image\" data-id=\"ba8f5b3\" data-element_type=\"widget\" data-widget_type=\"image.default\">\n\t\t\t\t\t\t\t\t\t\t\t\t\t\t\t<img fetchpriority=\"high\" decoding=\"async\" width=\"628\" height=\"749\" src=\"https:\/\/ozelistanbulsisliadsp.com\/wp-content\/uploads\/2024\/05\/dentfix-maps.svg\" class=\"attachment-full size-full wp-image-269604\" alt=\"\" \/>\t\t\t\t\t\t\t\t\t\t\t\t\t\t\t<\/div>\n\t\t\t\t<\/div>\n\t\t\t\t\t<\/div>\n\t\t\t\t<\/div>\n\t\t\t\t<\/div>\n\t\t","protected":false},"excerpt":{"rendered":"<p>Contact Us You\u2019re one step closer to a brand new smile. Get in touch with us and we will help you with everything we may need. If you\u2019d like a free consultation, get in touch with us and tell us about your needs, problems and medical history. We will get in touch with you shorty! [&hellip;]<\/p>\n","protected":false},"author":1,"featured_media":0,"parent":0,"menu_order":0,"comment_status":"closed","ping_status":"closed","template":"","meta":{"_acf_changed":false,"footnotes":""},"class_list":["post-25","page","type-page","status-publish","hentry"],"acf":[],"yoast_head":"<!-- This site is optimized with the Yoast SEO Premium plugin v22.7 (Yoast SEO v24.3) - https:\/\/yoast.com\/wordpress\/plugins\/seo\/ -->\n<title>Contact - \u00d6zel \u0130stanbul \u015ei\u015fli ADSP<\/title>\n<meta name=\"description\" content=\"\u00d6zel \u0130stanbul \u015ei\u015fli ADSP is just one phone away. Here are our email, phone number, and address. Check out our wordwide dental offices.\" \/>\n<meta name=\"robots\" content=\"index, follow, max-snippet:-1, max-image-preview:large, max-video-preview:-1\" \/>\n<link rel=\"canonical\" href=\"https:\/\/ozelistanbulsisliadsp.com\/en\/contact\/\" \/>\n<meta property=\"og:locale\" content=\"en_US\" \/>\n<meta property=\"og:type\" content=\"article\" \/>\n<meta property=\"og:title\" content=\"Contact - \u00d6zel \u0130stanbul \u015ei\u015fli ADSP\" \/>\n<meta property=\"og:description\" content=\"\u00d6zel \u0130stanbul \u015ei\u015fli ADSP is just one phone away. Here are our email, phone number, and address. Check out our wordwide dental offices.\" \/>\n<meta property=\"og:url\" content=\"https:\/\/ozelistanbulsisliadsp.com\/en\/contact\/\" \/>\n<meta property=\"og:site_name\" content=\"\u00d6zel \u0130stanbul \u015ei\u015fli ADSP\" \/>\n<meta property=\"article:modified_time\" content=\"2024-05-31T08:14:43+00:00\" \/>\n<meta property=\"og:image\" content=\"https:\/\/ozelistanbulsisliadsp.com\/wp-content\/uploads\/2024\/05\/dentfix-maps.svg\" \/>\n<meta name=\"twitter:card\" content=\"summary_large_image\" \/>\n<meta name=\"twitter:label1\" content=\"Est. reading time\" \/>\n\t<meta name=\"twitter:data1\" content=\"1 minute\" \/>\n<script type=\"application\/ld+json\" class=\"yoast-schema-graph\">{\"@context\":\"https:\/\/schema.org\",\"@graph\":[{\"@type\":\"WebPage\",\"@id\":\"https:\/\/ozelistanbulsisliadsp.com\/en\/contact\/\",\"url\":\"https:\/\/ozelistanbulsisliadsp.com\/en\/contact\/\",\"name\":\"Contact - \u00d6zel \u0130stanbul \u015ei\u015fli ADSP\",\"isPartOf\":{\"@id\":\"https:\/\/ozelistanbulsisliadsp.com\/en\/#website\"},\"primaryImageOfPage\":{\"@id\":\"https:\/\/ozelistanbulsisliadsp.com\/en\/contact\/#primaryimage\"},\"image\":{\"@id\":\"https:\/\/ozelistanbulsisliadsp.com\/en\/contact\/#primaryimage\"},\"thumbnailUrl\":\"https:\/\/ozelistanbulsisliadsp.com\/wp-content\/uploads\/2024\/05\/dentfix-maps.svg\",\"datePublished\":\"2024-02-02T13:45:11+00:00\",\"dateModified\":\"2024-05-31T08:14:43+00:00\",\"description\":\"\u00d6zel \u0130stanbul \u015ei\u015fli ADSP is just one phone away. Here are our email, phone number, and address. Check out our wordwide dental offices.\",\"breadcrumb\":{\"@id\":\"https:\/\/ozelistanbulsisliadsp.com\/en\/contact\/#breadcrumb\"},\"inLanguage\":\"en-US\",\"potentialAction\":[{\"@type\":\"ReadAction\",\"target\":[\"https:\/\/ozelistanbulsisliadsp.com\/en\/contact\/\"]}]},{\"@type\":\"ImageObject\",\"inLanguage\":\"en-US\",\"@id\":\"https:\/\/ozelistanbulsisliadsp.com\/en\/contact\/#primaryimage\",\"url\":\"https:\/\/ozelistanbulsisliadsp.com\/wp-content\/uploads\/2024\/05\/dentfix-maps.svg\",\"contentUrl\":\"https:\/\/ozelistanbulsisliadsp.com\/wp-content\/uploads\/2024\/05\/dentfix-maps.svg\"},{\"@type\":\"BreadcrumbList\",\"@id\":\"https:\/\/ozelistanbulsisliadsp.com\/en\/contact\/#breadcrumb\",\"itemListElement\":[{\"@type\":\"ListItem\",\"position\":1,\"name\":\"Anasayfa\",\"item\":\"https:\/\/ozelistanbulsisliadsp.com\/en\/\"},{\"@type\":\"ListItem\",\"position\":2,\"name\":\"Contact\"}]},{\"@type\":\"WebSite\",\"@id\":\"https:\/\/ozelistanbulsisliadsp.com\/en\/#website\",\"url\":\"https:\/\/ozelistanbulsisliadsp.com\/en\/\",\"name\":\"\u00d6zel \u0130stanbul \u015ei\u015fli ADSP\",\"description\":\"A Dental Center in Turkey\",\"publisher\":{\"@id\":\"https:\/\/ozelistanbulsisliadsp.com\/en\/#organization\"},\"alternateName\":\"\u00d6zel \u0130stanbul \u015ei\u015fli ADSP\",\"potentialAction\":[{\"@type\":\"SearchAction\",\"target\":{\"@type\":\"EntryPoint\",\"urlTemplate\":\"https:\/\/ozelistanbulsisliadsp.com\/en\/?s={search_term_string}\"},\"query-input\":{\"@type\":\"PropertyValueSpecification\",\"valueRequired\":true,\"valueName\":\"search_term_string\"}}],\"inLanguage\":\"en-US\"},{\"@type\":\"Organization\",\"@id\":\"https:\/\/ozelistanbulsisliadsp.com\/en\/#organization\",\"name\":\"\u00d6zel \u0130stanbul \u015ei\u015fli A\u011f\u0131z ve Di\u015f Sa\u011fl\u0131\u011f\u0131 Poliklini\u011fi\",\"url\":\"https:\/\/ozelistanbulsisliadsp.com\/en\/\",\"logo\":{\"@type\":\"ImageObject\",\"inLanguage\":\"en-US\",\"@id\":\"https:\/\/ozelistanbulsisliadsp.com\/en\/#\/schema\/logo\/image\/\",\"url\":\"https:\/\/ozelistanbulsisliadsp.com\/wp-content\/uploads\/2026\/05\/oasp-logo.png\",\"contentUrl\":\"https:\/\/ozelistanbulsisliadsp.com\/wp-content\/uploads\/2026\/05\/oasp-logo.png\",\"width\":640,\"height\":160,\"caption\":\"\u00d6zel \u0130stanbul \u015ei\u015fli A\u011f\u0131z ve Di\u015f Sa\u011fl\u0131\u011f\u0131 Poliklini\u011fi\"},\"image\":{\"@id\":\"https:\/\/ozelistanbulsisliadsp.com\/en\/#\/schema\/logo\/image\/\"}}]}<\/script>\n<!-- \/ Yoast SEO Premium plugin. -->","yoast_head_json":{"title":"Contact - \u00d6zel \u0130stanbul \u015ei\u015fli ADSP","description":"\u00d6zel \u0130stanbul \u015ei\u015fli ADSP is just one phone away. Here are our email, phone number, and address. Check out our wordwide dental offices.","robots":{"index":"index","follow":"follow","max-snippet":"max-snippet:-1","max-image-preview":"max-image-preview:large","max-video-preview":"max-video-preview:-1"},"canonical":"https:\/\/ozelistanbulsisliadsp.com\/en\/contact\/","og_locale":"en_US","og_type":"article","og_title":"Contact - \u00d6zel \u0130stanbul \u015ei\u015fli ADSP","og_description":"\u00d6zel \u0130stanbul \u015ei\u015fli ADSP is just one phone away. Here are our email, phone number, and address. Check out our wordwide dental offices.","og_url":"https:\/\/ozelistanbulsisliadsp.com\/en\/contact\/","og_site_name":"\u00d6zel \u0130stanbul \u015ei\u015fli ADSP","article_modified_time":"2024-05-31T08:14:43+00:00","og_image":[{"url":"https:\/\/ozelistanbulsisliadsp.com\/wp-content\/uploads\/2024\/05\/dentfix-maps.svg","type":"","width":"","height":""}],"twitter_card":"summary_large_image","twitter_misc":{"Est. reading time":"1 minute"},"schema":{"@context":"https:\/\/schema.org","@graph":[{"@type":"WebPage","@id":"https:\/\/ozelistanbulsisliadsp.com\/en\/contact\/","url":"https:\/\/ozelistanbulsisliadsp.com\/en\/contact\/","name":"Contact - \u00d6zel \u0130stanbul \u015ei\u015fli ADSP","isPartOf":{"@id":"https:\/\/ozelistanbulsisliadsp.com\/en\/#website"},"primaryImageOfPage":{"@id":"https:\/\/ozelistanbulsisliadsp.com\/en\/contact\/#primaryimage"},"image":{"@id":"https:\/\/ozelistanbulsisliadsp.com\/en\/contact\/#primaryimage"},"thumbnailUrl":"https:\/\/ozelistanbulsisliadsp.com\/wp-content\/uploads\/2024\/05\/dentfix-maps.svg","datePublished":"2024-02-02T13:45:11+00:00","dateModified":"2024-05-31T08:14:43+00:00","description":"\u00d6zel \u0130stanbul \u015ei\u015fli ADSP is just one phone away. Here are our email, phone number, and address. Check out our wordwide dental offices.","breadcrumb":{"@id":"https:\/\/ozelistanbulsisliadsp.com\/en\/contact\/#breadcrumb"},"inLanguage":"en-US","potentialAction":[{"@type":"ReadAction","target":["https:\/\/ozelistanbulsisliadsp.com\/en\/contact\/"]}]},{"@type":"ImageObject","inLanguage":"en-US","@id":"https:\/\/ozelistanbulsisliadsp.com\/en\/contact\/#primaryimage","url":"https:\/\/ozelistanbulsisliadsp.com\/wp-content\/uploads\/2024\/05\/dentfix-maps.svg","contentUrl":"https:\/\/ozelistanbulsisliadsp.com\/wp-content\/uploads\/2024\/05\/dentfix-maps.svg"},{"@type":"BreadcrumbList","@id":"https:\/\/ozelistanbulsisliadsp.com\/en\/contact\/#breadcrumb","itemListElement":[{"@type":"ListItem","position":1,"name":"Anasayfa","item":"https:\/\/ozelistanbulsisliadsp.com\/en\/"},{"@type":"ListItem","position":2,"name":"Contact"}]},{"@type":"WebSite","@id":"https:\/\/ozelistanbulsisliadsp.com\/en\/#website","url":"https:\/\/ozelistanbulsisliadsp.com\/en\/","name":"\u00d6zel \u0130stanbul \u015ei\u015fli ADSP","description":"A Dental Center in Turkey","publisher":{"@id":"https:\/\/ozelistanbulsisliadsp.com\/en\/#organization"},"alternateName":"\u00d6zel \u0130stanbul \u015ei\u015fli ADSP","potentialAction":[{"@type":"SearchAction","target":{"@type":"EntryPoint","urlTemplate":"https:\/\/ozelistanbulsisliadsp.com\/en\/?s={search_term_string}"},"query-input":{"@type":"PropertyValueSpecification","valueRequired":true,"valueName":"search_term_string"}}],"inLanguage":"en-US"},{"@type":"Organization","@id":"https:\/\/ozelistanbulsisliadsp.com\/en\/#organization","name":"\u00d6zel \u0130stanbul \u015ei\u015fli A\u011f\u0131z ve Di\u015f Sa\u011fl\u0131\u011f\u0131 Poliklini\u011fi","url":"https:\/\/ozelistanbulsisliadsp.com\/en\/","logo":{"@type":"ImageObject","inLanguage":"en-US","@id":"https:\/\/ozelistanbulsisliadsp.com\/en\/#\/schema\/logo\/image\/","url":"https:\/\/ozelistanbulsisliadsp.com\/wp-content\/uploads\/2026\/05\/oasp-logo.png","contentUrl":"https:\/\/ozelistanbulsisliadsp.com\/wp-content\/uploads\/2026\/05\/oasp-logo.png","width":640,"height":160,"caption":"\u00d6zel \u0130stanbul \u015ei\u015fli A\u011f\u0131z ve Di\u015f Sa\u011fl\u0131\u011f\u0131 Poliklini\u011fi"},"image":{"@id":"https:\/\/ozelistanbulsisliadsp.com\/en\/#\/schema\/logo\/image\/"}}]}},"_links":{"self":[{"href":"https:\/\/ozelistanbulsisliadsp.com\/en\/wp-json\/wp\/v2\/pages\/25","targetHints":{"allow":["GET"]}}],"collection":[{"href":"https:\/\/ozelistanbulsisliadsp.com\/en\/wp-json\/wp\/v2\/pages"}],"about":[{"href":"https:\/\/ozelistanbulsisliadsp.com\/en\/wp-json\/wp\/v2\/types\/page"}],"author":[{"embeddable":true,"href":"https:\/\/ozelistanbulsisliadsp.com\/en\/wp-json\/wp\/v2\/users\/1"}],"replies":[{"embeddable":true,"href":"https:\/\/ozelistanbulsisliadsp.com\/en\/wp-json\/wp\/v2\/comments?post=25"}],"version-history":[{"count":46,"href":"https:\/\/ozelistanbulsisliadsp.com\/en\/wp-json\/wp\/v2\/pages\/25\/revisions"}],"predecessor-version":[{"id":269891,"href":"https:\/\/ozelistanbulsisliadsp.com\/en\/wp-json\/wp\/v2\/pages\/25\/revisions\/269891"}],"wp:attachment":[{"href":"https:\/\/ozelistanbulsisliadsp.com\/en\/wp-json\/wp\/v2\/media?parent=25"}],"curies":[{"name":"wp","href":"https:\/\/api.w.org\/{rel}","templated":true}]}}